{"id":88,"date":"2020-11-11T11:00:41","date_gmt":"2020-11-11T10:00:41","guid":{"rendered":"https:\/\/desdo.factor360.es\/?post_type=product&#038;p=88"},"modified":"2024-10-11T18:33:49","modified_gmt":"2024-10-11T17:33:49","slug":"la-fuerza-de-lo-invisible","status":"publish","type":"product","link":"https:\/\/desdoblamiento.es\/pt\/produto\/la-fuerza-de-lo-invisible","title":{"rendered":"La Fuerza de lo Invisible"},"content":{"rendered":"<p class=\"western\" align=\"justify\">Explican en esta f\u00e1bula c\u00f3mo verdades ense\u00f1adas anta\u00f1o por seguidores de Plat\u00f3n \u201cdoctores de la ley\u201d han desaparecido con el paso del tiempo.<\/p>\n<p class=\"western\" lang=\"fr-FR\" align=\"justify\"><span lang=\"es-ES\">Poco a poco, transformadas por el trascurso de la historia, han terminado por perderse en lo m\u00e1s profundo de nuestras memorias.<\/span><\/p>\n<p class=\"western\" lang=\"fr-FR\" align=\"justify\"><span lang=\"es-ES\">La ciencia del desdoblamiento del tiempo, ense\u00f1ada por Jean Pierre y Lucile Garnier Malet permite volverlas a descubrir y de suprimir los dogmas que las hab\u00edan enterrado para siempre.<\/span><\/p>\n<p class=\"western\" align=\"justify\">Lejos de toda teor\u00eda, la ense\u00f1anza contenida en este libro muestra c\u00f3mo, gracias a imperceptibles aperturas temporales, es posible encontrar un equilibrio diario y, sobre todo, el objetivo de nuestra vida.<\/p>\n<p class=\"western\" lang=\"fr-FR\" align=\"justify\"><span lang=\"es-ES\">Este libro abre una ventana a la realidad que algunos prefieren cerrar con doble vuelta de llave. Podr\u00eda perturbar a los tradicionalistas de toda clase que para nada desean renunciar a sus mentalidades actuales y mucho menos hacerlas evolucionar.<\/span><\/p>","protected":false},"excerpt":{"rendered":"<p>De los autores de los libros: Cambia tu futuro por las aperturas temporales y El Doble \u00bfC\u00f3mo funciona? explican en esta f\u00e1bula c\u00f3mo verdades ense\u00f1adas anta\u00f1o por seguidores de Plat\u00f3n \u201cdoctores de la ley\u201d han desaparecido con el paso del tiempo.<\/p>","protected":false},"featured_media":488,"comment_status":"open","ping_status":"closed","template":"","meta":{"_acf_changed":false,"site-sidebar-layout":"default","site-content-layout":"default","ast-site-content-layout":"default","site-content-style":"default","site-sidebar-style":"default","ast-global-header-display":"","ast-banner-title-visibility":"","ast-main-header-display":"","ast-hfb-above-header-display":"","ast-hfb-below-header-display":"","ast-hfb-mobile-header-display":"","site-post-title":"","ast-breadcrumbs-content":"","ast-featured-img":"","footer-sml-layout":"","ast-disable-related-posts":"","theme-transparent-header-meta":"default","adv-header-id-meta":"","stick-header-meta":"","header-above-stick-meta":"","header-main-stick-meta":"","header-below-stick-meta":"","astra-migrate-meta-layouts":"default","ast-page-background-enabled":"default","ast-page-background-meta":{"desktop":{"background-color":"","background-image":"","background-repeat":"repeat","background-position":"center center","background-size":"auto","background-attachment":"scroll","background-type":"","background-media":"","overlay-type":"","overlay-color":"","overlay-opacity":"","overlay-gradient":""},"tablet":{"background-color":"","background-image":"","background-repeat":"repeat","background-position":"center center","background-size":"auto","background-attachment":"scroll","background-type":"","background-media":"","overlay-type":"","overlay-color":"","overlay-opacity":"","overlay-gradient":""},"mobile":{"background-color":"","background-image":"","background-repeat":"repeat","background-position":"center center","background-size":"auto","background-attachment":"scroll","background-type":"","background-media":"","overlay-type":"","overlay-color":"","overlay-opacity":"","overlay-gradient":""}},"ast-content-background-meta":{"desktop":{"background-color":"var(--ast-global-color-5)","background-image":"","background-repeat":"repeat","background-position":"center center","background-size":"auto","background-attachment":"scroll","background-type":"","background-media":"","overlay-type":"","overlay-color":"","overlay-opacity":"","overlay-gradient":""},"tablet":{"background-color":"var(--ast-global-color-5)","background-image":"","background-repeat":"repeat","background-position":"center center","background-size":"auto","background-attachment":"scroll","background-type":"","background-media":"","overlay-type":"","overlay-color":"","overlay-opacity":"","overlay-gradient":""},"mobile":{"background-color":"var(--ast-global-color-5)","background-image":"","background-repeat":"repeat","background-position":"center center","background-size":"auto","background-attachment":"scroll","background-type":"","background-media":"","overlay-type":"","overlay-color":"","overlay-opacity":"","overlay-gradient":""}}},"product_brand":[],"product_cat":[41,21],"product_tag":[],"class_list":{"0":"post-88","1":"product","2":"type-product","3":"status-publish","4":"has-post-thumbnail","6":"product_cat-libros","7":"product_cat-libros-es","8":"product_shipping_class-libros","9":"desktop-align-left","10":"tablet-align-left","11":"mobile-align-left","13":"first","14":"instock","15":"shipping-taxable","16":"purchasable","17":"product-type-simple"},"acf":[],"_links":{"self":[{"href":"https:\/\/desdoblamiento.es\/pt\/wp-json\/wp\/v2\/product\/88","targetHints":{"allow":["GET"]}}],"collection":[{"href":"https:\/\/desdoblamiento.es\/pt\/wp-json\/wp\/v2\/product"}],"about":[{"href":"https:\/\/desdoblamiento.es\/pt\/wp-json\/wp\/v2\/types\/product"}],"replies":[{"embeddable":true,"href":"https:\/\/desdoblamiento.es\/pt\/wp-json\/wp\/v2\/comments?post=88"}],"version-history":[{"count":1,"href":"https:\/\/desdoblamiento.es\/pt\/wp-json\/wp\/v2\/product\/88\/revisions"}],"predecessor-version":[{"id":1604,"href":"https:\/\/desdoblamiento.es\/pt\/wp-json\/wp\/v2\/product\/88\/revisions\/1604"}],"wp:featuredmedia":[{"embeddable":true,"href":"https:\/\/desdoblamiento.es\/pt\/wp-json\/wp\/v2\/media\/488"}],"wp:attachment":[{"href":"https:\/\/desdoblamiento.es\/pt\/wp-json\/wp\/v2\/media?parent=88"}],"wp:term":[{"taxonomy":"product_brand","embeddable":true,"href":"https:\/\/desdoblamiento.es\/pt\/wp-json\/wp\/v2\/product_brand?post=88"},{"taxonomy":"product_cat","embeddable":true,"href":"https:\/\/desdoblamiento.es\/pt\/wp-json\/wp\/v2\/product_cat?post=88"},{"taxonomy":"product_tag","embeddable":true,"href":"https:\/\/desdoblamiento.es\/pt\/wp-json\/wp\/v2\/product_tag?post=88"}],"curies":[{"name":"wp","href":"https:\/\/api.w.org\/{rel}","templated":true}]}}