{"id":86,"date":"2020-11-11T10:56:30","date_gmt":"2020-11-11T09:56:30","guid":{"rendered":"https:\/\/desdo.factor360.es\/?post_type=product&#038;p=86"},"modified":"2023-11-01T03:01:21","modified_gmt":"2023-11-01T02:01:21","slug":"el-doble-como-funciona","status":"publish","type":"product","link":"https:\/\/desdoblamiento.es\/pt\/produto\/el-doble-como-funciona","title":{"rendered":"El Doble: \u00bfC\u00f3mo funciona?"},"content":{"rendered":"<p>Descubierta en 1988, la teor\u00eda cient\u00edfica de Jean-Pierre Garnier Malet referente al desdoblamiento del espacio y del tiempo, permite afirmar que tenemos todos un doble. Imperceptible y, sin embargo, real, ese otro \u201cyo\u201d puede guiarnos en cada momento, si sabemos establecer una relaci\u00f3n constructiva con \u00e9l.<\/p>\n<p>Conociendo algunos principios esenciales de la ley del desdoblamiento, en efecto, es posible entrar en contacto con \u00e9l para beneficiarnos de sus consejos. Esto se hace por medio del sue\u00f1o, de las intuiciones, de las premoniciones y de las diversas se\u00f1ales que son intercambios de informaci\u00f3n entre \u00e9l, nuestro futuro y nosotros mismos.<\/p>\n<p>Es gracias a nuestro doble que nos podemos volver clarividentes y \u201ccambiar nuestro futuro\u201d por imperceptibles \u201caperturas temporales\u201d.<\/p>\n<p>Es esta ley y su aplicaci\u00f3n, lo que ha descubierto Aur\u00e9lien, un ni\u00f1o de diez a\u00f1os. Enfrentado a un gran problema y extra\u00f1ado por la falta de entendimiento de sus padres, no puso en tela de juicio la existencia de este doble y nos hizo la pregunta crucial: \u201cMi doble&#8230; \u00bfc\u00f3mo funciona?\u201d<\/p>\n<p>\u00c9sta es la respuesta que hemos dado a Aur\u00e9lien, que es objeto de este libro. Cuando lo le\u00e1is, descubrir\u00e9is como \u00e9l, la facilidad con la cual se puede encontrar un equilibrio diario y, sobre todo, el objeto de nuestra vida.<\/p>","protected":false},"excerpt":{"rendered":"<p>Descubierta en 1988, la teor\u00eda cient\u00edfica de Jean-Pierre Garnier Malet referente al desdoblamiento del espacio y del tiempo, permite afirmar que tenemos todos un doble. Imperceptible y, sin embargo, real, ese otro \u201cyo\u201d puede guiarnos en cada momento, si sabemos establecer una relaci\u00f3n constructiva con \u00e9l.<\/p>\n<p>Conociendo algunos principios esenciales de la ley del desdoblamiento, en efecto, es posible entrar en contacto con \u00e9l para beneficiarnos de sus consejos. Esto se hace por medio del sue\u00f1o, de las intuiciones, de las premoniciones y de las diversas se\u00f1ales que son intercambios de informaci\u00f3n entre \u00e9l, nuestro futuro y nosotros mismos.<\/p>\n<p>Es gracias a nuestro doble que nos podemos volver clarividentes y \u201ccambiar nuestro futuro\u201d por imperceptibles \u201caperturas temporales\u201d.<\/p>\n<p>Es esta ley y su aplicaci\u00f3n, lo que ha descubierto Aur\u00e9lien, un ni\u00f1o de diez a\u00f1os. Enfrentado a un gran problema y extra\u00f1ado por la falta de entendimiento de sus padres, no puso en tela de juicio la existencia de este doble y nos hizo la pregunta crucial: \u201cMi doble&#8230; \u00bfc\u00f3mo funciona?\u201d<\/p>\n<p>\u00c9sta es la respuesta que hemos dado a Aur\u00e9lien, que es objeto de este libro. Cuando lo le\u00e1is, descubrir\u00e9is como \u00e9l, la facilidad con la cual se puede encontrar un equilibrio diario y, sobre todo, el objeto de nuestra vida.<\/p>","protected":false},"featured_media":487,"comment_status":"open","ping_status":"closed","template":"","meta":{"_acf_changed":false,"site-sidebar-layout":"default","site-content-layout":"default","ast-site-content-layout":"default","site-content-style":"default","site-sidebar-style":"default","ast-global-header-display":"","ast-banner-title-visibility":"","ast-main-header-display":"","ast-hfb-above-header-display":"","ast-hfb-below-header-display":"","ast-hfb-mobile-header-display":"","site-post-title":"","ast-breadcrumbs-content":"","ast-featured-img":"","footer-sml-layout":"","ast-disable-related-posts":"","theme-transparent-header-meta":"default","adv-header-id-meta":"","stick-header-meta":"","header-above-stick-meta":"","header-main-stick-meta":"","header-below-stick-meta":"","astra-migrate-meta-layouts":"default","ast-page-background-enabled":"default","ast-page-background-meta":{"desktop":{"background-color":"","background-image":"","background-repeat":"repeat","background-position":"center center","background-size":"auto","background-attachment":"scroll","background-type":"","background-media":"","overlay-type":"","overlay-color":"","overlay-opacity":"","overlay-gradient":""},"tablet":{"background-color":"","background-image":"","background-repeat":"repeat","background-position":"center center","background-size":"auto","background-attachment":"scroll","background-type":"","background-media":"","overlay-type":"","overlay-color":"","overlay-opacity":"","overlay-gradient":""},"mobile":{"background-color":"","background-image":"","background-repeat":"repeat","background-position":"center center","background-size":"auto","background-attachment":"scroll","background-type":"","background-media":"","overlay-type":"","overlay-color":"","overlay-opacity":"","overlay-gradient":""}},"ast-content-background-meta":{"desktop":{"background-color":"var(--ast-global-color-5)","background-image":"","background-repeat":"repeat","background-position":"center center","background-size":"auto","background-attachment":"scroll","background-type":"","background-media":"","overlay-type":"","overlay-color":"","overlay-opacity":"","overlay-gradient":""},"tablet":{"background-color":"var(--ast-global-color-5)","background-image":"","background-repeat":"repeat","background-position":"center center","background-size":"auto","background-attachment":"scroll","background-type":"","background-media":"","overlay-type":"","overlay-color":"","overlay-opacity":"","overlay-gradient":""},"mobile":{"background-color":"var(--ast-global-color-5)","background-image":"","background-repeat":"repeat","background-position":"center center","background-size":"auto","background-attachment":"scroll","background-type":"","background-media":"","overlay-type":"","overlay-color":"","overlay-opacity":"","overlay-gradient":""}}},"product_brand":[],"product_cat":[41,21],"product_tag":[],"class_list":{"0":"post-86","1":"product","2":"type-product","3":"status-publish","4":"has-post-thumbnail","6":"product_cat-libros","7":"product_cat-libros-es","8":"product_shipping_class-libros","9":"desktop-align-left","10":"tablet-align-left","11":"mobile-align-left","13":"first","14":"instock","15":"shipping-taxable","16":"purchasable","17":"product-type-simple"},"acf":[],"_links":{"self":[{"href":"https:\/\/desdoblamiento.es\/pt\/wp-json\/wp\/v2\/product\/86","targetHints":{"allow":["GET"]}}],"collection":[{"href":"https:\/\/desdoblamiento.es\/pt\/wp-json\/wp\/v2\/product"}],"about":[{"href":"https:\/\/desdoblamiento.es\/pt\/wp-json\/wp\/v2\/types\/product"}],"replies":[{"embeddable":true,"href":"https:\/\/desdoblamiento.es\/pt\/wp-json\/wp\/v2\/comments?post=86"}],"version-history":[{"count":2,"href":"https:\/\/desdoblamiento.es\/pt\/wp-json\/wp\/v2\/product\/86\/revisions"}],"predecessor-version":[{"id":2503,"href":"https:\/\/desdoblamiento.es\/pt\/wp-json\/wp\/v2\/product\/86\/revisions\/2503"}],"wp:featuredmedia":[{"embeddable":true,"href":"https:\/\/desdoblamiento.es\/pt\/wp-json\/wp\/v2\/media\/487"}],"wp:attachment":[{"href":"https:\/\/desdoblamiento.es\/pt\/wp-json\/wp\/v2\/media?parent=86"}],"wp:term":[{"taxonomy":"product_brand","embeddable":true,"href":"https:\/\/desdoblamiento.es\/pt\/wp-json\/wp\/v2\/product_brand?post=86"},{"taxonomy":"product_cat","embeddable":true,"href":"https:\/\/desdoblamiento.es\/pt\/wp-json\/wp\/v2\/product_cat?post=86"},{"taxonomy":"product_tag","embeddable":true,"href":"https:\/\/desdoblamiento.es\/pt\/wp-json\/wp\/v2\/product_tag?post=86"}],"curies":[{"name":"wp","href":"https:\/\/api.w.org\/{rel}","templated":true}]}}