{"id":83,"date":"2020-11-11T10:45:57","date_gmt":"2020-11-11T09:45:57","guid":{"rendered":"https:\/\/desdo.factor360.es\/?post_type=product&#038;p=83"},"modified":"2023-01-08T13:42:31","modified_gmt":"2023-01-08T12:42:31","slug":"cambia-tu-futuro-por-las-aperturas-temporales","status":"publish","type":"product","link":"https:\/\/desdoblamiento.es\/pt\/produto\/cambia-tu-futuro-por-las-aperturas-temporales","title":{"rendered":"Mude Seu Futuro: Atrav\u00e9s das aberturas temporais"},"content":{"rendered":"<p>Jovem estudante em 1966, Jean Pierre Garnier Malet surprendeu a comunidade cient\u00edfica ao publicar um relat\u00f3rio para a Academia das Ci\u00eancias de Paris.<\/p>\n<p>Em 1988, ele fiz uma descoberta surpreendente sobre as propriedades do tempo. Publicada de 1998 ate 2006, a sua teoria sobre o desdobramento do tempo traz muitas novidades cient\u00edficas. Tamb\u00e9m, e sobretudo, ela permite explicar o mecanismo da vida, de nossos pensamentos e como utilizar melhor intui\u00e7\u00f5es, instinctos e premoni\u00e7\u00f5es que este desdobramento coloca a nossa disposi\u00e7\u00e3o a todo instante.<\/p>\n<p>Com a ajuda da sua esposa, Lucile, ele encontrou a melhor maneira de utilizar a energia extraordin\u00e1ria que nos oferece atualmente o fim do ciclo de desdobramento do tempo, para obter um equil\u00edbrio permanente.<\/p>\n<p>Pela ignor\u00e2ncia, este \u201cfim dos tempos\u201d nos maltrata, ainda mais que muitas pessoas acham, erradamente, que se trata de um fim do mundo e assim estao criando, sem sab\u00ea-lo, muitos caos potenciais.<\/p>\n<p>Lendo este livro, vai entender por fim, que cada um pode realmente \u201cmudar seu futuro\u201d e, sobretudo, acalmar o planeta.<\/p>","protected":false},"excerpt":{"rendered":"<p>Jovem estudante em 1966, Jean Pierre Garnier Malet surprendeu a comunidade cient\u00edfica ao publicar um relat\u00f3rio para a Academia das Ci\u00eancias de Paris.<\/p>","protected":false},"featured_media":84,"comment_status":"open","ping_status":"closed","template":"","meta":{"_acf_changed":false,"site-sidebar-layout":"default","site-content-layout":"default","ast-site-content-layout":"default","site-content-style":"default","site-sidebar-style":"default","ast-global-header-display":"","ast-banner-title-visibility":"","ast-main-header-display":"","ast-hfb-above-header-display":"","ast-hfb-below-header-display":"","ast-hfb-mobile-header-display":"","site-post-title":"","ast-breadcrumbs-content":"","ast-featured-img":"","footer-sml-layout":"","ast-disable-related-posts":"","theme-transparent-header-meta":"default","adv-header-id-meta":"","stick-header-meta":"","header-above-stick-meta":"","header-main-stick-meta":"","header-below-stick-meta":"","astra-migrate-meta-layouts":"default","ast-page-background-enabled":"default","ast-page-background-meta":{"desktop":{"background-color":"","background-image":"","background-repeat":"repeat","background-position":"center center","background-size":"auto","background-attachment":"scroll","background-type":"","background-media":"","overlay-type":"","overlay-color":"","overlay-opacity":"","overlay-gradient":""},"tablet":{"background-color":"","background-image":"","background-repeat":"repeat","background-position":"center center","background-size":"auto","background-attachment":"scroll","background-type":"","background-media":"","overlay-type":"","overlay-color":"","overlay-opacity":"","overlay-gradient":""},"mobile":{"background-color":"","background-image":"","background-repeat":"repeat","background-position":"center center","background-size":"auto","background-attachment":"scroll","background-type":"","background-media":"","overlay-type":"","overlay-color":"","overlay-opacity":"","overlay-gradient":""}},"ast-content-background-meta":{"desktop":{"background-color":"var(--ast-global-color-5)","background-image":"","background-repeat":"repeat","background-position":"center center","background-size":"auto","background-attachment":"scroll","background-type":"","background-media":"","overlay-type":"","overlay-color":"","overlay-opacity":"","overlay-gradient":""},"tablet":{"background-color":"var(--ast-global-color-5)","background-image":"","background-repeat":"repeat","background-position":"center center","background-size":"auto","background-attachment":"scroll","background-type":"","background-media":"","overlay-type":"","overlay-color":"","overlay-opacity":"","overlay-gradient":""},"mobile":{"background-color":"var(--ast-global-color-5)","background-image":"","background-repeat":"repeat","background-position":"center center","background-size":"auto","background-attachment":"scroll","background-type":"","background-media":"","overlay-type":"","overlay-color":"","overlay-opacity":"","overlay-gradient":""}}},"product_brand":[],"product_cat":[41,21],"product_tag":[],"class_list":{"0":"post-83","1":"product","2":"type-product","3":"status-publish","4":"has-post-thumbnail","6":"product_cat-libros","7":"product_cat-libros-es","8":"product_shipping_class-libros","9":"desktop-align-left","10":"tablet-align-left","11":"mobile-align-left","13":"first","14":"instock","15":"shipping-taxable","16":"purchasable","17":"product-type-simple"},"acf":[],"_links":{"self":[{"href":"https:\/\/desdoblamiento.es\/pt\/wp-json\/wp\/v2\/product\/83","targetHints":{"allow":["GET"]}}],"collection":[{"href":"https:\/\/desdoblamiento.es\/pt\/wp-json\/wp\/v2\/product"}],"about":[{"href":"https:\/\/desdoblamiento.es\/pt\/wp-json\/wp\/v2\/types\/product"}],"replies":[{"embeddable":true,"href":"https:\/\/desdoblamiento.es\/pt\/wp-json\/wp\/v2\/comments?post=83"}],"version-history":[{"count":1,"href":"https:\/\/desdoblamiento.es\/pt\/wp-json\/wp\/v2\/product\/83\/revisions"}],"predecessor-version":[{"id":1602,"href":"https:\/\/desdoblamiento.es\/pt\/wp-json\/wp\/v2\/product\/83\/revisions\/1602"}],"wp:featuredmedia":[{"embeddable":true,"href":"https:\/\/desdoblamiento.es\/pt\/wp-json\/wp\/v2\/media\/84"}],"wp:attachment":[{"href":"https:\/\/desdoblamiento.es\/pt\/wp-json\/wp\/v2\/media?parent=83"}],"wp:term":[{"taxonomy":"product_brand","embeddable":true,"href":"https:\/\/desdoblamiento.es\/pt\/wp-json\/wp\/v2\/product_brand?post=83"},{"taxonomy":"product_cat","embeddable":true,"href":"https:\/\/desdoblamiento.es\/pt\/wp-json\/wp\/v2\/product_cat?post=83"},{"taxonomy":"product_tag","embeddable":true,"href":"https:\/\/desdoblamiento.es\/pt\/wp-json\/wp\/v2\/product_tag?post=83"}],"curies":[{"name":"wp","href":"https:\/\/api.w.org\/{rel}","templated":true}]}}