{"id":2314,"date":"2022-03-29T08:35:12","date_gmt":"2022-03-29T07:35:12","guid":{"rendered":"https:\/\/agitated-pare.82-223-217-119.plesk.page\/?post_type=product&#038;p=2314"},"modified":"2023-07-20T17:57:22","modified_gmt":"2023-07-20T16:57:22","slug":"reserva-formacion-inicial-valencia","status":"publish","type":"product","link":"https:\/\/desdoblamiento.es\/pt\/produto\/reserva-formacion-inicial-valencia","title":{"rendered":"Reserva Formacion Inicial Valencia"},"content":{"rendered":"<div data-elementor-type=\"product-post\" data-elementor-id=\"2314\" class=\"elementor elementor-2314\" data-elementor-post-type=\"product\">\n\t\t\t\t\t\t<section class=\"elementor-section elementor-top-section elementor-element elementor-element-44250592 elementor-section-boxed elementor-section-height-default elementor-section-height-default\" data-id=\"44250592\" data-element_type=\"section\" data-e-type=\"section\">\n\t\t\t\t\t\t<div class=\"elementor-container elementor-column-gap-default\">\n\t\t\t\t\t<div class=\"elementor-column elementor-col-100 elementor-top-column elementor-element elementor-element-16aa2a9b\" data-id=\"16aa2a9b\" data-element_type=\"column\" data-e-type=\"column\">\n\t\t\t<div class=\"elementor-widget-wrap elementor-element-populated\">\n\t\t\t\t\t\t<div class=\"elementor-element elementor-element-2f8e368e elementor-widget elementor-widget-text-editor\" data-id=\"2f8e368e\" data-element_type=\"widget\" data-e-type=\"widget\" data-widget_type=\"text-editor.default\">\n\t\t\t\t<div class=\"elementor-widget-container\">\n\t\t\t\t\t\t\t\t\t<div class=\"elementor-element elementor-element-dfce775 elementor-widget elementor-widget-heading\" data-id=\"dfce775\" data-element_type=\"widget\" data-widget_type=\"heading.default\">\r\n<div class=\"elementor-widget-container\">\r\n<h4 class=\"elementor-heading-title elementor-size-default\">El Descubrimiento<\/h4>\r\n<\/div>\r\n<\/div>\r\n<div class=\"elementor-element elementor-element-497fc0e elementor-widget elementor-widget-text-editor\" data-id=\"497fc0e\" data-element_type=\"widget\" data-widget_type=\"text-editor.default\">\r\n<div class=\"elementor-widget-container\">\r\n<div class=\"elementor-text-editor elementor-clearfix\">\r\n\r\nEl tiempo nos parece continuo, sin embargo la imaginaria m\u00e9dica del cerebro muestra que no es as\u00ed y la teor\u00eda del desdoblamiento demuestra que dos instantes perceptibles est\u00e1n siempre separados por un instante imperceptible. De esta manera:\r\n\r\n<\/div>\r\n<\/div>\r\n<\/div>\r\n<div class=\"elementor-element elementor-element-1860e7c elementor-widget elementor-widget-heading\" data-id=\"1860e7c\" data-element_type=\"widget\" data-widget_type=\"heading.default\">\r\n<div class=\"elementor-widget-container\">\r\n<h4 class=\"elementor-heading-title elementor-size-default\">El Desdoblamiento<\/h4>\r\n<\/div>\r\n<\/div>\r\n<div class=\"elementor-element elementor-element-4ceb7b8 elementor-widget elementor-widget-text-editor\" data-id=\"4ceb7b8\" data-element_type=\"widget\" data-widget_type=\"text-editor.default\">\r\n<div class=\"elementor-widget-container\">\r\n<div class=\"elementor-text-editor elementor-clearfix\">\r\n\r\nNos hace presentes en un tiempo que no percibimos en nuestro tiempo presente, pero d\u00f3nde, como cualquier espacio o part\u00edcula, estamos desdoblados para as\u00ed guardar la memoria de nuestros potenciales.\r\n\r\n<\/div>\r\n<\/div>\r\n<\/div>\r\n<div class=\"elementor-element elementor-element-181053d elementor-widget elementor-widget-heading\" data-id=\"181053d\" data-element_type=\"widget\" data-widget_type=\"heading.default\">\r\n<div class=\"elementor-widget-container\">\r\n<h4 class=\"elementor-heading-title elementor-size-default\">Llamadas &lt;&lt; aperturas temporales &gt;&gt; por JPGM<\/h4>\r\n<\/div>\r\n<\/div>\r\n<div class=\"elementor-element elementor-element-8a9ee40 elementor-widget elementor-widget-text-editor\" data-id=\"8a9ee40\" data-element_type=\"widget\" data-widget_type=\"text-editor.default\">\r\n<div class=\"elementor-widget-container\">\r\n<div class=\"elementor-text-editor elementor-clearfix\">\r\n\r\nInstantes imperceptibles permiten intercambiar en nuestro tiempo\u00a0<strong>(presente)<\/strong>\u00a0informaciones vitales entre el guardi\u00e1n de nuestra memoria\u00a0<strong>(pasado)<\/strong>\u00a0y nuestras m\u00faltiples posibilidades de porvenir<strong>\u00a0(futuro)<\/strong>. As\u00ed pues, cada uno puede optimizar su porvenir antes de vivirlo, entender su vida y crear un equilibrio individual y colectivo.\r\n\r\n<strong>Sin este control, nuestra vida en la tierra no sirve para nada\u00a0<\/strong>\u00a0y\u00a0nos volvemos marionetas del futuro.\r\n\r\n<\/div>\r\n<\/div>\r\n<\/div>\r\n<div class=\"elementor-element elementor-element-8f8f4f7 elementor-widget elementor-widget-heading\" data-id=\"8f8f4f7\" data-element_type=\"widget\" data-widget_type=\"heading.default\">\r\n<div class=\"elementor-widget-container\">\r\n<h4 class=\"elementor-heading-title elementor-size-default\">Olvidando todo lo que hab\u00e9is aprendido<\/h4>\r\n<\/div>\r\n<\/div>\r\n<div class=\"elementor-element elementor-element-fa261da elementor-widget elementor-widget-text-editor\" data-id=\"fa261da\" data-element_type=\"widget\" data-widget_type=\"text-editor.default\">\r\n<div class=\"elementor-widget-container\">\r\n<div class=\"elementor-text-editor elementor-clearfix\">\r\n\r\nPod\u00e9is partir sobre nuevas bases tan necesarias como asombrosas. Este descubrimiento implica un total cuestionamiento de vuestro modo de vida y permite encontrar r\u00e1pidamente un equilibrio, f\u00edsico, ps\u00edquico, afectivo, familiar o profesional, correspondiente a un nuevo equilibrio de vuestros pensamientos.\r\n\r\n<\/div>\r\n<\/div>\r\n<\/div>\r\n<div class=\"elementor-element elementor-element-a8e91c0 elementor-widget elementor-widget-heading\" data-id=\"a8e91c0\" data-element_type=\"widget\" data-widget_type=\"heading.default\">\r\n<div class=\"elementor-widget-container\">\r\n<h4 class=\"elementor-heading-title elementor-size-default\">Una formaci\u00f3n inicial<\/h4>\r\n<\/div>\r\n<\/div>\r\n<div class=\"elementor-element elementor-element-8093ae4 elementor-widget elementor-widget-text-editor\" data-id=\"8093ae4\" data-element_type=\"widget\" data-widget_type=\"text-editor.default\">\r\n<div class=\"elementor-widget-container\">\r\n<div class=\"elementor-text-editor elementor-clearfix\">\r\n\r\nLlevada a cabo la v\u00edspera y al d\u00eda siguiente de una buena noche), permite, el dominio de este principio vital, el descubrimiento y:\r\n\r\n<strong>el control inmediato de un enorme potencial energ\u00e9tico individual<\/strong>,\u00a0relacionado con las \u00abaperturas temporales\u00bb. Este control diario nos da el mejor potencial disponible para equilibrarnos modificando nuestros instintos e intuiciones. Esta formaci\u00f3n permite optimizar terapias y b\u00fasquedas de equilibrio.\r\n\r\n<\/div>\r\n<\/div>\r\n<\/div>\t\t\t\t\t\t\t\t<\/div>\n\t\t\t\t<\/div>\n\t\t\t\t\t<\/div>\n\t\t<\/div>\n\t\t\t\t\t<\/div>\n\t\t<\/section>\n\t\t\t\t<\/div>","protected":false},"excerpt":{"rendered":"<p>El Descubrimiento El tiempo nos parece continuo, sin embargo la imaginaria m\u00e9dica del cerebro muestra que no es as\u00ed y la teor\u00eda del desdoblamiento demuestra que dos instantes perceptibles est\u00e1n siempre separados por un instante imperceptible. De esta manera: El Desdoblamiento Nos hace presentes en un tiempo que no percibimos en nuestro tiempo presente, pero [&hellip;]<\/p>\n","protected":false},"featured_media":782,"comment_status":"open","ping_status":"closed","template":"","meta":{"_acf_changed":false,"site-sidebar-layout":"default","site-content-layout":"default","ast-site-content-layout":"default","site-content-style":"default","site-sidebar-style":"default","ast-global-header-display":"","ast-banner-title-visibility":"","ast-main-header-display":"","ast-hfb-above-header-display":"","ast-hfb-below-header-display":"","ast-hfb-mobile-header-display":"","site-post-title":"","ast-breadcrumbs-content":"","ast-featured-img":"","footer-sml-layout":"","ast-disable-related-posts":"","theme-transparent-header-meta":"default","adv-header-id-meta":"","stick-header-meta":"","header-above-stick-meta":"","header-main-stick-meta":"","header-below-stick-meta":"","astra-migrate-meta-layouts":"default","ast-page-background-enabled":"default","ast-page-background-meta":{"desktop":{"background-color":"","background-image":"","background-repeat":"repeat","background-position":"center center","background-size":"auto","background-attachment":"scroll","background-type":"","background-media":"","overlay-type":"","overlay-color":"","overlay-opacity":"","overlay-gradient":""},"tablet":{"background-color":"","background-image":"","background-repeat":"repeat","background-position":"center center","background-size":"auto","background-attachment":"scroll","background-type":"","background-media":"","overlay-type":"","overlay-color":"","overlay-opacity":"","overlay-gradient":""},"mobile":{"background-color":"","background-image":"","background-repeat":"repeat","background-position":"center center","background-size":"auto","background-attachment":"scroll","background-type":"","background-media":"","overlay-type":"","overlay-color":"","overlay-opacity":"","overlay-gradient":""}},"ast-content-background-meta":{"desktop":{"background-color":"var(--ast-global-color-5)","background-image":"","background-repeat":"repeat","background-position":"center center","background-size":"auto","background-attachment":"scroll","background-type":"","background-media":"","overlay-type":"","overlay-color":"","overlay-opacity":"","overlay-gradient":""},"tablet":{"background-color":"var(--ast-global-color-5)","background-image":"","background-repeat":"repeat","background-position":"center center","background-size":"auto","background-attachment":"scroll","background-type":"","background-media":"","overlay-type":"","overlay-color":"","overlay-opacity":"","overlay-gradient":""},"mobile":{"background-color":"var(--ast-global-color-5)","background-image":"","background-repeat":"repeat","background-position":"center center","background-size":"auto","background-attachment":"scroll","background-type":"","background-media":"","overlay-type":"","overlay-color":"","overlay-opacity":"","overlay-gradient":""}}},"product_brand":[],"product_cat":[42],"product_tag":[],"class_list":{"0":"post-2314","1":"product","2":"type-product","3":"status-publish","4":"has-post-thumbnail","6":"product_cat-formaciones","7":"product_shipping_class-libros","8":"desktop-align-left","9":"tablet-align-left","10":"mobile-align-left","12":"first","13":"instock","14":"shipping-taxable","15":"purchasable","16":"product-type-simple"},"acf":[],"_links":{"self":[{"href":"https:\/\/desdoblamiento.es\/pt\/wp-json\/wp\/v2\/product\/2314","targetHints":{"allow":["GET"]}}],"collection":[{"href":"https:\/\/desdoblamiento.es\/pt\/wp-json\/wp\/v2\/product"}],"about":[{"href":"https:\/\/desdoblamiento.es\/pt\/wp-json\/wp\/v2\/types\/product"}],"replies":[{"embeddable":true,"href":"https:\/\/desdoblamiento.es\/pt\/wp-json\/wp\/v2\/comments?post=2314"}],"version-history":[{"count":1,"href":"https:\/\/desdoblamiento.es\/pt\/wp-json\/wp\/v2\/product\/2314\/revisions"}],"predecessor-version":[{"id":2315,"href":"https:\/\/desdoblamiento.es\/pt\/wp-json\/wp\/v2\/product\/2314\/revisions\/2315"}],"wp:featuredmedia":[{"embeddable":true,"href":"https:\/\/desdoblamiento.es\/pt\/wp-json\/wp\/v2\/media\/782"}],"wp:attachment":[{"href":"https:\/\/desdoblamiento.es\/pt\/wp-json\/wp\/v2\/media?parent=2314"}],"wp:term":[{"taxonomy":"product_brand","embeddable":true,"href":"https:\/\/desdoblamiento.es\/pt\/wp-json\/wp\/v2\/product_brand?post=2314"},{"taxonomy":"product_cat","embeddable":true,"href":"https:\/\/desdoblamiento.es\/pt\/wp-json\/wp\/v2\/product_cat?post=2314"},{"taxonomy":"product_tag","embeddable":true,"href":"https:\/\/desdoblamiento.es\/pt\/wp-json\/wp\/v2\/product_tag?post=2314"}],"curies":[{"name":"wp","href":"https:\/\/api.w.org\/{rel}","templated":true}]}}