{"id":78,"date":"2020-11-11T10:07:03","date_gmt":"2020-11-11T09:07:03","guid":{"rendered":"https:\/\/desdo.factor360.es\/?page_id=78"},"modified":"2020-11-24T11:57:15","modified_gmt":"2020-11-24T10:57:15","slug":"politica-de-cookies","status":"publish","type":"page","link":"https:\/\/desdoblamiento.es\/pt\/politica-de-cookies","title":{"rendered":"Pol\u00edtica de cookies"},"content":{"rendered":"\n<h3 class=\"wp-block-heading\">\u00bfQu\u00e9 es una cookie?<\/h3>\n\n\n\n<p>Las cookies son&nbsp; ficheros que se descargan en el equipo o dispositivo (ordenador\/smartphone\/tablet) del usuario al acceder a determinadas p\u00e1ginas web y que se almacenan en la memoria del mismo. Las cookies permiten, entre otras cosas, almacenar y recuperar informaci\u00f3n sobre los h\u00e1bitos de navegaci\u00f3n del usuario o de su equipo, ver qu\u00e9 p\u00e1ginas se visitan, el tiempo de conexi\u00f3n, analizar el funcionamiento de una p\u00e1gina, si existen problemas t\u00e9cnicos, etc.&nbsp;<\/p>\n\n\n\n<h3 class=\"wp-block-heading\">\u00bfQu\u00e9 tipos de cookies existen?<\/h3>\n\n\n\n<p>Existen varios tipos de cookies en funci\u00f3n de distintos criterios:<\/p>\n\n\n\n<p>En funci\u00f3n de la titularidad:<\/p>\n\n\n\n<ul class=\"wp-block-list\"><li>Cookies propias. Son las que pertenecen a desdoblamiento.es<\/li><li>Cookies de terceros. Son aquellas cuya titularidad es de un tercero, distinto de desdoblamiento.es, que ser\u00e1 quien trate la informaci\u00f3n recabada.<\/li><\/ul>\n\n\n\n<p>En funci\u00f3n de su finalidad:<\/p>\n\n\n\n<ul class=\"wp-block-list\"><li>Cookies t\u00e9cnicas y\/o de personalizaci\u00f3n. Son aqu\u00e9llas que sirven para mejorar el servicio, localizar incidencias, reconocer al usuario, etc.<\/li><li>Cookies de an\u00e1lisis y\/o de publicidad. Son aqu\u00e9llas que sirven para analizar informaci\u00f3n sobre la navegaci\u00f3n y ofrecer publicidad, sea gen\u00e9rica o personalizada.<\/li><\/ul>\n\n\n\n<h3 class=\"wp-block-heading\">\u00bfPara qu\u00e9 sirve una cookie?<\/h3>\n\n\n\n<p>Las cookies se utilizan para poder ofrecer al usuario servicios y\/o publicidad personalizados, para analizar el funcionamiento del sistema, reconocerle cuando accede como usuario, localizar incidencias y problemas que puedan surgir y solventarlos en el menor plazo posible, as\u00ed como analizar y medir el uso y actividad de la p\u00e1gina web.<\/p>\n\n\n\n<p>desdoblamiento.es mediante el uso de cookies no recoge dato personal alguno.<\/p>\n\n\n\n<h3 class=\"wp-block-heading\">\u00bfSe necesita el consentimiento del usuario para instalar las cookies?<\/h3>\n\n\n\n<p>No se precisa el consentimiento del usuario para la instalaci\u00f3n de cookies t\u00e9cnicas o las que sean estrictamente necesarias para la prestaci\u00f3n de un servicio de la sociedad de la informaci\u00f3n expresamente solicitado por el destinatario.<\/p>\n\n\n\n<p>Para el resto, s\u00ed se precisa del consentimiento del interesado que se puede solicitar por distintas v\u00edas. En el caso de desdoblamiento.es se entender\u00e1 otorgado si el usuario sigue navegando en el sitio web, sin perjuicio de que en cualquier momento podr\u00e1 revocarlo y desactivar las cookies.<\/p>\n\n\n\n<h3 class=\"wp-block-heading\">\u00bfQu\u00e9 cookies se utilizan en desdoblamiento.es?<\/h3>\n\n\n\n<p><strong>Nuestras Cookies nos ayudan:<\/strong><\/p>\n\n\n\n<ul class=\"wp-block-list\"><li>a que nuestro sitio web funcione como usted espera<\/li><li>a recordar su configuraci\u00f3n durante las visitas<\/li><li>a mejorar la velocidad y seguridad del sitio<\/li><li>a mejorar continuamente nuestro sitio web para usted<\/li><\/ul>\n\n\n\n<p><strong>No utilizamos Cookies para:<\/strong><\/p>\n\n\n\n<ul class=\"wp-block-list\"><li>recopilar informaci\u00f3n de identificaci\u00f3n personal (sin su consentimiento expreso)<\/li><li>recopilar informaci\u00f3n confidencial (sin su consentimiento expreso)<\/li><li>ceder bases de datos a redes de publicidad<\/li><li>transmitir datos de identificaci\u00f3n personal a terceros<\/li><li>pagar comisiones de ventas<\/li><\/ul>\n\n\n\n<p>Esta p\u00e1gina web utiliza las cookies para una serie de finalidades, incluidas:<\/p>\n\n\n\n<p><strong>Cookies propias<\/strong><\/p>\n\n\n\n<p>Cookies de sesi\u00f3n, de identificaci\u00f3n, de configuraci\u00f3n y de registro, estrictamente necesarias para la identificaci\u00f3n del usuario y para la prestaci\u00f3n de los servicios solicitados por el usuario. La informaci\u00f3n obtenida a trav\u00e9s de las mismas es tratada \u00fanicamente por desdoblamiento.es<\/p>\n\n\n\n<p>Estas cookies las utilizamos para garantizar que los usuarios que escriban comentarios en el blog sean humanos y no aplicaciones automatizadas. De esta forma se combate el spam.<\/p>\n\n\n\n<p><strong>Cookies de terceros<\/strong><\/p>\n\n\n\n<p>El sitio web desdoblamiento.es puede utilizar servicios de terceros que, por cuenta de desdoblamiento.es, recopilaran informaci\u00f3n con fines estad\u00edsticos, sobre el uso del sitio web por parte del usuario y para la prestaci\u00f3n de otros servicios relacionados con la actividad del sitio web y otros servicios de Internet.<\/p>\n\n\n\n<p>Google Analytics<\/p>\n\n\n\n<p>En particular, este sitio web utiliza Google Analytics, un servicio anal\u00edtico de web prestado por Google, Inc. con domicilio en los Estados Unidos con sede central en 1600 Amphitheatre Parkway, Mountain View, California 94043. Para la prestaci\u00f3n de estos servicios, estos utilizan cookies que recopilan la informaci\u00f3n, incluida la direcci\u00f3n IP del usuario, que ser\u00e1 transmitida, tratada y almacenada por Google en los t\u00e9rminos fijados en la web Google.com, incluyendo la posible transmisi\u00f3n de dicha informaci\u00f3n a terceros por razones de exigencia legal o cuando dichos terceros procesen la informaci\u00f3n por cuenta de Google.<\/p>\n\n\n\n<p>Redes sociales<\/p>\n\n\n\n<p>Cada red social utiliza sus propias cookies para que usted pueda pinchar en botones del tipo Me gusta o Compartir.<\/p>\n\n\n\n<p><strong>Cookies establecidas para este sitio<\/strong><\/p>\n\n\n\n<p>El detalle de las cookies utilizadas en esta p\u00e1gina web es el siguiente:<\/p>\n\n\n\n<p><strong>Necesarias<\/strong><\/p>\n\n\n\n<p>Las cookies necesarias ayudan a hacer una p\u00e1gina web utilizable activando funciones b\u00e1sicas como la navegaci\u00f3n en la p\u00e1gina y el acceso a \u00e1reas seguras de la p\u00e1gina web. La p\u00e1gina web no puede funcionar adecuadamente sin estas cookies.<\/p>\n\n\n\n<figure class=\"wp-block-table\"><table><thead><tr><td><strong>Nombre<\/strong><\/td><td><strong>Proveedor<\/strong><\/td><td><strong>Prop\u00f3sito<\/strong><\/td><td><strong>Caducidad<\/strong><\/td><td><strong>Tipo<\/strong><\/td><\/tr><\/thead><tbody><tr><td>#yootheme\/cache#<\/td><td>desdoblamiento.es<\/td><td>No clasificado<\/td><td>Session<\/td><td>HTML Local Storage<\/td><\/tr><tr><td>CookieConsent<\/td><td>desdoblamiento.es<\/td><td>Almacena el estado de consentimiento de cookies del usuario para el dominio actual<\/td><td>1 a\u00f1o<\/td><td>HTTP Cookie<\/td><\/tr><\/tbody><\/table><\/figure>\n\n\n\n<p><strong>Estad\u00edstica<\/strong><\/p>\n\n\n\n<p>Las cookies estad\u00edsticas ayudan a los propietarios de p\u00e1ginas web a comprender c\u00f3mo interact\u00faan los visitantes con las p\u00e1ginas web reuniendo y proporcionando informaci\u00f3n de forma an\u00f3nima.<\/p>\n\n\n\n<figure class=\"wp-block-table\"><table><thead><tr><td><strong>Nombre<\/strong><\/td><td><strong>Proveedor<\/strong><\/td><td><strong>Prop\u00f3sito<\/strong><\/td><td><strong>Caducidad<\/strong><\/td><td><strong>Tipo<\/strong><\/td><\/tr><\/thead><tbody><tr><td>__utm.gif<\/td><td>google-analytics.com<\/td><td>Esta cookie se utiliza para determinar el tipo de dispositivo o programa de navegador que utiliza el visitante. Esto permite el formateo del sitio web en consonancia.<\/td><td>Session<\/td><td>Pixel Tracker<\/td><\/tr><tr><td>__utma<\/td><td>desdoblamiento.es<\/td><td>Recopila datos sobre el n\u00famero de veces que un usuario ha visitado el sitio web adem\u00e1s de las fechas de la primera visita y de la m\u00e1s reciente. Utilizada por Google Analytics.<\/td><td>2 a\u00f1os<\/td><td>HTTP Cookie<\/td><\/tr><tr><td>__utmb<\/td><td>desdoblamiento.es<\/td><td>Registra un sello temporal con la hora exacta en que el usuario accede al sitio web. Utilizada por Google Analytics para calcular la duraci\u00f3n de la visita a un sitio web.<\/td><td>1 d\u00eda<\/td><td>HTTP Cookie<\/td><\/tr><tr><td>__utmc<\/td><td>desdoblamiento.es<\/td><td>Registra un sello temporal con la hora exacta en que el usuario deja el sitio web. Utilizada por Google Analytics para calcular la duraci\u00f3n de la visita a un sitio web.<\/td><td>Session<\/td><td>HTTP Cookie<\/td><\/tr><tr><td>__utmt<\/td><td>desdoblamiento.es<\/td><td>Utilizada para acelerar la velocidad de las peticiones del servidor.<\/td><td>1 d\u00eda<\/td><td>HTTP Cookie<\/td><\/tr><tr><td>__utmz<\/td><td>desdoblamiento.es<\/td><td>Recopila datos acerca de d\u00f3nde proviene el usuario, qu\u00e9 motor de b\u00fasqueda ha sido utilizado, sobre qu\u00e9 enlace se ha hecho clic y qu\u00e9 t\u00e9rmino de b\u00fasqueda se us\u00f3. Utilizada por Google Analytics.<\/td><td>6 meses<\/td><td>HTTP Cookie<\/td><\/tr><tr><td>_ga<\/td><td>desdoblamiento.es<\/td><td>Registra una identificaci\u00f3n \u00fanica que se utiliza para generar datos estad\u00edsticos acerca de c\u00f3mo utiliza el visitante el sitio web.<\/td><td>2 a\u00f1os<\/td><td>HTTP Cookie<\/td><\/tr><tr><td>_gat<\/td><td>desdoblamiento.es<\/td><td>Utilizado por Google Analytics para controlar la tasa de peticiones<\/td><td>1 d\u00eda<\/td><td>HTTP Cookie<\/td><\/tr><tr><td>_gid<\/td><td>desdoblamiento.es<\/td><td>Registra una identificaci\u00f3n \u00fanica que se utiliza para generar datos estad\u00edsticos acerca de c\u00f3mo utiliza el visitante el sitio web.<\/td><td>1 d\u00eda<\/td><td>HTTP Cookie<\/td><\/tr><tr><td>vuid<\/td><td>vimeo.com<\/td><td>Recopila datos sobre las visitas del usuario al sitio web, como qu\u00e9 p\u00e1ginas han sido le\u00eddas.<\/td><td>2 a\u00f1os<\/td><td>HTTP Cookie<\/td><\/tr><\/tbody><\/table><\/figure>\n\n\n\n<p><strong>Marketing<\/strong><\/p>\n\n\n\n<p>Las cookies de marketing se utilizan para rastrear a los visitantes en las p\u00e1ginas web. La intenci\u00f3n es mostrar anuncios relevantes y atractivos para el usuario individual, y por lo tanto, m\u00e1s valiosos para los editores y terceros anunciantes.<\/p>\n\n\n\n<figure class=\"wp-block-table\"><table><thead><tr><td><strong>Nombre<\/strong><\/td><td><strong>Proveedor<\/strong><\/td><td><strong>Prop\u00f3sito<\/strong><\/td><td><strong>Caducidad<\/strong><\/td><td><strong>Tipo<\/strong><\/td><\/tr><\/thead><tbody><tr><td>IDE<\/td><td>doubleclick.net<\/td><td>Utilizada por Google DoubleClick para registrar e informar sobre las acciones del usuario en el sitio web tras visualizar o hacer clic en uno de los anuncios del anunciante con el prop\u00f3sito de medir la eficacia de un anuncio y presentar anuncios espec\u00edficos para el usuario.<\/td><td>2 a\u00f1os<\/td><td>HTTP Cookie<\/td><\/tr><tr><td>test_cookie<\/td><td>doubleclick.net<\/td><td>Utilizada para comprobar si el navegador del usuario admite cookies.<\/td><td>1 d\u00eda<\/td><td>HTTP Cookie<\/td><\/tr><tr><td>UUID#[abcdef0123456789]{32}<\/td><td>desdoblamiento.es<\/td><td>No clasificado<\/td><td>Session<\/td><td>HTTP Cookie<\/td><\/tr><tr><td>VISITOR_INFO1_LIVE<\/td><td>youtube.com<\/td><td>Intenta calcular el ancho de banda del usuario en p\u00e1ginas con v\u00eddeos de YouTube integrados.<\/td><td>179 d\u00edas<\/td><td>HTTP Cookie<\/td><\/tr><tr><td>YSC<\/td><td>youtube.com<\/td><td>Registra una identificaci\u00f3n \u00fanica para mantener estad\u00edsticas de qu\u00e9 v\u00eddeos de YouTube ha visto el usuario.<\/td><td>Session<\/td><td>HTTP Cookie<\/td><\/tr><tr><td>yt-remote-cast-installed<\/td><td>youtube.com<\/td><td>Registra las preferencias del reproductor de v\u00eddeo del usuario al ver v\u00eddeos incrustados de YouTube<\/td><td>Session<\/td><td>HTML Local Storage<\/td><\/tr><tr><td>yt-remote-connected-devices<\/td><td>youtube.com<\/td><td>Registra las preferencias del reproductor de v\u00eddeo del usuario al ver v\u00eddeos incrustados de YouTube<\/td><td>Persistent<\/td><td>HTML Local Storage<\/td><\/tr><tr><td>yt-remote-device-id<\/td><td>youtube.com<\/td><td>Registra las preferencias del reproductor de v\u00eddeo del usuario al ver v\u00eddeos incrustados de YouTube<\/td><td>Persistent<\/td><td>HTML Local Storage<\/td><\/tr><tr><td>yt-remote-fast-check-period<\/td><td>youtube.com<\/td><td>Registra las preferencias del reproductor de v\u00eddeo del usuario al ver v\u00eddeos incrustados de YouTube<\/td><td>Session<\/td><td>HTML Local Storage<\/td><\/tr><tr><td>yt-remote-session-app<\/td><td>youtube.com<\/td><td>Registra las preferencias del reproductor de v\u00eddeo del usuario al ver v\u00eddeos incrustados de YouTube<\/td><td>Session<\/td><td>HTML Local Storage<\/td><\/tr><tr><td>yt-remote-session-name<\/td><td>youtube.com<\/td><td>Registra las preferencias del reproductor de v\u00eddeo del usuario al ver v\u00eddeos incrustados de YouTube<\/td><td>Session<\/td><td>HTML Local Storage<\/td><\/tr><\/tbody><\/table><\/figure>\n\n\n\n<p><strong>No clasificados<\/strong><\/p>\n\n\n\n<p>Las cookies no clasificadas son cookies para las que todav\u00eda estamos en proceso de clasificar, junto con los proveedores de cookies individuales.<\/p>\n\n\n\n<figure class=\"wp-block-table\"><table><thead><tr><td><strong>Nombre<\/strong><\/td><td><strong>Proveedor<\/strong><\/td><td><strong>Prop\u00f3sito<\/strong><\/td><td><strong>Caducidad<\/strong><\/td><td><strong>Tipo<\/strong><\/td><\/tr><\/thead><tbody><tr><td>uk-img.#<\/td><td>desdoblamiento.es<\/td><td>No clasificado<\/td><td>Session<\/td><td>HTML Local Storage<\/td><\/tr><\/tbody><\/table><\/figure>\n\n\n\n<p>Nota: Las cookies de tipo &#8216;Propias&#8217; son utilizadas s\u00f3lo por el propietario de esta web y las cookies &#8216;De terceros&#8217; son utilizadas, por el prestador del servicio que est\u00e1 detallado en el cuadro anterior.<\/p>\n\n\n\n<p><strong>Aceptaci\u00f3n de las cookies<\/strong><\/p>\n\n\n\n<p>El titular del sitio web desdoblamiento.es asume que usted acepta el uso de cookies.<\/p>\n\n\n\n<p>El usuario acepta expresamente, por la utilizaci\u00f3n de este sitio web, el tratamiento de la informaci\u00f3n recabada en la forma y con los fines anteriormente mencionados. Y asimismo reconoce conocer la posibilidad de rechazar el tratamiento de tales datos o informaci\u00f3n rechazando el uso de cookies mediante la selecci\u00f3n de la configuraci\u00f3n apropiada a tal fin en su navegador. Si bien esta opci\u00f3n de bloqueo de cookies en su navegador puede no permitirle el uso pleno de todas las funcionalidades del sitio web.<\/p>\n\n\n\n<p>No obstante, mostramos informaci\u00f3n sobre nuestra Pol\u00edtica de Cookies del sitio web con cada inicio de sesi\u00f3n con el objeto de que usted sea consciente. Ante esta informaci\u00f3n es posible llevar a cabo las siguientes acciones:<\/p>\n\n\n\n<ul class=\"wp-block-list\"><li>ACEPTAR. Puede aceptar todas las cookies pulsando el bot\u00f3n \u201cACEPTAR\u201d.<\/li><li>CONFIGURAR. Puede configurar las cookies o rechazar su uso pulsando el bot\u00f3n \u201cCONFIGURAR\u201d.<\/li><li>CERRAR. Puede cerrar la p\u00e1gina si no est\u00e1 de acuerdo con el uso de las cookies indicadas.<\/li><\/ul>\n\n\n\n<h3 class=\"wp-block-heading\"><strong>Revocaci\u00f3n del consentimiento para instalar Cookies y <\/strong>administraci\u00f3n de las cookies<strong><\/strong><\/h3>\n\n\n\n<p>En todo momento podr\u00e1 acceder a la configuraci\u00f3n de su navegador aceptando o rechazando todas las cookies, o bien seleccionar aqu\u00e9llas cuya instalaci\u00f3n admite y cu\u00e1les no, siguiendo uno de los siguientes procedimientos, que depende del navegador que utilice<strong>.<\/strong><\/p>\n\n\n\n<p>Puede permitir, bloquear o eliminar las cookies instaladas en su equipo mediante la configuraci\u00f3n de las opciones del navegador instalado en su ordenador.<\/p>\n\n\n\n<p>&#8211; Puede obtener m\u00e1s informaci\u00f3n sobre el navegador <strong>Firefox<\/strong> desde aqu\u00ed:<\/p>\n\n\n\n<p><a href=\"https:\/\/support.mozilla.org\/es\/kb\/habilitar-y-deshabilitar-cookies-sitios-web-rastrear-preferencias\" target=\"_blank\" rel=\"noopener\">https:\/\/support.mozilla.org\/es\/kb\/habilitar-y-deshabilitar-cookies-sitios-web-rastrear-preferencias<\/a><\/p>\n\n\n\n<p>&#8211; Puede obtener m\u00e1s informaci\u00f3n sobre el navegador <strong>Google Chrome<\/strong> desde aqu\u00ed:<\/p>\n\n\n\n<p><a href=\"https:\/\/support.google.com\/chrome\/answer\/95647?hl=es\" target=\"_blank\" rel=\"noopener\">https:\/\/support.google.com\/chrome\/answer\/95647?hl=es<\/a><\/p>\n\n\n\n<p>&#8211; Puede obtener m\u00e1s informaci\u00f3n sobre el navegador <strong>Internet Explorer<\/strong> desde aqu\u00ed:<\/p>\n\n\n\n<p><a href=\"https:\/\/support.microsoft.com\/es-es\/help\/17442\/windows-internet-explorer-delete-manage-cookies\" target=\"_blank\" rel=\"noopener\">https:\/\/support.microsoft.com\/es-es\/help\/17442\/windows-internet-explorer-delete-manage-cookies<\/a><\/p>\n\n\n\n<p>&#8211; Puede obtener m\u00e1s informaci\u00f3n sobre el navegador <strong>Safari<\/strong> desde aqu\u00ed:<\/p>\n\n\n\n<p><a href=\"https:\/\/www.apple.com\/legal\/privacy\/en-ww\/cookies\" target=\"_blank\" rel=\"noopener\">https:\/\/www.apple.com\/legal\/privacy\/en-ww\/cookies<\/a><\/p>\n\n\n\n<p>&#8211; Puede obtener m\u00e1s informaci\u00f3n sobre el navegador <strong>Opera <\/strong>desde aqu\u00ed:<\/p>\n\n\n\n<p><a href=\"https:\/\/help.opera.com\/en\/latest\/security-and-privacy\/#clearBrows\" target=\"_blank\" rel=\"noopener\">https:\/\/help.opera.com\/en\/latest\/security-and-privacy\/#clearBrows<\/a><\/p>\n\n\n\n<p>Estos navegadores est\u00e1n sometidos a actualizaciones o modificaciones, por lo que no podemos garantizar que se ajusten completamente a la versi\u00f3n de su navegador. Para evitar estos desajustes, puede acceder directamente desde las opciones de su navegador, generalmente en el men\u00fa de \u00abOpciones\u00bb en la secci\u00f3n de \u00abPrivacidad\u00bb.<\/p>\n\n\n\n<p><strong>Otros navegadores<\/strong><\/p>\n\n\n\n<p>Consulte la documentaci\u00f3n del navegador que tenga instalado.<\/p>\n\n\n\n<p><strong>Complemento de inhabilitaci\u00f3n para navegadores de Google Analytics<\/strong><\/p>\n\n\n\n<p>Si desea rechazar las cookies anal\u00edticas de Google Analytics en todos los navegadores, de forma que no se env\u00ede informaci\u00f3n suya a Google Analytics, puede descargar un complemento que realiza esta funci\u00f3n desde este enlace: <a href=\"https:\/\/tools.google.com\/dlpage\/gaoptout\" target=\"_blank\" rel=\"noopener\">https:\/\/tools.google.com\/dlpage\/gaoptout<\/a><\/p>\n\n\n\n<p><strong>Informaci\u00f3n b\u00e1sica sobre el tratamiento de datos conforme al RGPD (UE) 2016\/679 y a la LOPDGDD 3\/2018.<\/strong><\/p>\n\n\n\n<p><strong>Responsable del tratamiento<\/strong><\/p>\n\n\n\n<p>Identidad: Carolina Rosset G\u00f3mez<br>N.I.F.: 15249248-H<br>Direcci\u00f3n: Dr. Ram\u00f3n y Cajal 45, 43700 El Vendrell \u2013 Tarragona (Espa\u00f1a)<br>Tel\u00e9fono: +34 617 693 646<br>Correo electr\u00f3nico: <a href=\"mailto:info@desdoblamiento.es\"><\/a><a href=\"mailto:info@desdoblamiento.es\">info@desdoblamiento.es<\/a><\/p>\n\n\n\n<p><strong>Delegado de protecci\u00f3n de datos<\/strong><\/p>\n\n\n\n<p>El RESPONSABLE DEL TRATAMIENTO no tiene Delegado de Protecci\u00f3n de Datos.<\/p>\n\n\n\n<p><strong>Finalidad del tratamiento<\/strong><\/p>\n\n\n\n<p>Mantener una relaci\u00f3n comercial con el usuario. Las operaciones previstas para realizar el tratamiento son:<\/p>\n\n\n\n<ul class=\"wp-block-list\"><li>Contactar con los interesados y responder a sus consultas. Enviar comunicaciones comerciales sobre nuestros productos y\/o servicios que consideremos puedan ser de su inter\u00e9s mediante carta, tel\u00e9fono, correo electr\u00f3nico, SMS\/MMS, Whatsapp, Telegram o por otros medios de comunicaci\u00f3n electr\u00f3nica equivalentes, siempre y cuando el interesado haya consentido el tratamiento de sus datos personales para esta finalidad. Estas comunicaciones ser\u00e1n realizadas por el RESPONSABLE DEL TRATAMIENTO y relacionadas sobre sus servicios, o de sus colaboradores o proveedores con los que \u00e9ste haya alcanzado alg\u00fan acuerdo de promoci\u00f3n. En este caso, los terceros nunca tendr\u00e1n acceso a los datos personales.<\/li><li>Realizar estudios estad\u00edsticos.<\/li><li>Tramitar encargos, solicitudes o cualquier tipo de petici\u00f3n que sea realizada por el usuario a trav\u00e9s de cualquiera de las formas de contacto que se ponen a su disposici\u00f3n.<\/li><\/ul>\n\n\n\n<p><strong>Base jur\u00eddica que legitima este tratamiento<\/strong><\/p>\n\n\n\n<ul class=\"wp-block-list\"><li>Ejecuci\u00f3n de un contrato en el que el interesado es parte o para la aplicaci\u00f3n a petici\u00f3n de este de medidas precontractuales.<\/li><li>Inter\u00e9s leg\u00edtimo del responsable del tratamiento.<\/li><li>El consentimiento del interesado, que podr\u00e1 retirar en cualquier momento.<\/li><\/ul>\n\n\n\n<p><strong>\u00bfPor cu\u00e1nto tiempo conservaremos sus datos?<\/strong><\/p>\n\n\n\n<p>Algunas de las cookies utilizadas en este sitio web guardar\u00e1n sus datos mientras usted contin\u00fae con la sesi\u00f3n abierta. Por otra parte los datos extra\u00eddos por cookies de terceros ser\u00e1n almacenados durante dos a\u00f1os.<\/p>\n\n\n\n<p><strong>\u00bfA qu\u00e9 destinatarios se comunican sus datos?<\/strong><\/p>\n\n\n\n<p>No se comunicar\u00e1n los datos a terceros, salvo obligaci\u00f3n legal.<\/p>\n\n\n\n<p><strong>Transferencias a terceros pa\u00edses<\/strong><\/p>\n\n\n\n<p>No est\u00e1 prevista la realizaci\u00f3n de transferencias de datos a terceros pa\u00edses, sin un nivel de protecci\u00f3n adecuada.<\/p>\n\n\n\n<p><strong>Qu\u00e9 derechos le asisten y c\u00f3mo puede ejercerlos<\/strong><\/p>\n\n\n\n<p>El usuario puede ejercer en todo momento sus derechos de acceso, rectificaci\u00f3n, supresi\u00f3n, limitaci\u00f3n, portabilidad y oposici\u00f3n al tratamiento de sus datos personales, a no ser objeto de decisiones individuales automatizadas y a retirar el consentimiento para recibir comunicaciones comerciales sobre nuestros productos y\/o servicios en cualquier momento, mediante comunicaci\u00f3n por correo ordinario dirigida a la direcci\u00f3n postal Dr. Ram\u00f3n y Cajal 45, 43700 El Vendrell \u2013 Tarragona (Espa\u00f1a) o a trav\u00e9s del correo electr\u00f3nico <a href=\"mailto:info@desdoblamiento.es\"><\/a><a href=\"mailto:info@desdoblamiento.es\">info@desdoblamiento.es<\/a><\/p>\n\n\n\n<p>Tambi\u00e9n tiene derecho a presentar una reclamaci\u00f3n ante la autoridad de control competente (<a href=\"http:\/\/www.aepd.es\" target=\"_blank\" rel=\"noopener\">www.aepd.es<\/a>), si considera que el tratamiento no se ajusta a la normativa vigente.<\/p>\n","protected":false},"excerpt":{"rendered":"<p>\u00bfQu\u00e9 es una cookie? Las cookies son&nbsp; ficheros que se descargan en el equipo o dispositivo (ordenador\/smartphone\/tablet) del usuario al acceder a determinadas p\u00e1ginas web y que se almacenan en la memoria del mismo. Las cookies permiten, entre otras cosas, almacenar y recuperar informaci\u00f3n sobre los h\u00e1bitos de navegaci\u00f3n del usuario o de su equipo, [&hellip;]<\/p>\n","protected":false},"author":1,"featured_media":0,"parent":0,"menu_order":0,"comment_status":"closed","ping_status":"closed","template":"","meta":{"_acf_changed":false,"site-sidebar-layout":"no-sidebar","site-content-layout":"default","ast-site-content-layout":"default","site-content-style":"default","site-sidebar-style":"default","ast-global-header-display":"","ast-banner-title-visibility":"","ast-main-header-display":"","ast-hfb-above-header-display":"","ast-hfb-below-header-display":"","ast-hfb-mobile-header-display":"","site-post-title":"","ast-breadcrumbs-content":"","ast-featured-img":"","footer-sml-layout":"","ast-disable-related-posts":"","theme-transparent-header-meta":"default","adv-header-id-meta":"","stick-header-meta":"","header-above-stick-meta":"","header-main-stick-meta":"","header-below-stick-meta":"","astra-migrate-meta-layouts":"default","ast-page-background-enabled":"default","ast-page-background-meta":{"desktop":{"background-color":"","background-image":"","background-repeat":"repeat","background-position":"center center","background-size":"auto","background-attachment":"scroll","background-type":"","background-media":"","overlay-type":"","overlay-color":"","overlay-opacity":"","overlay-gradient":""},"tablet":{"background-color":"","background-image":"","background-repeat":"repeat","background-position":"center center","background-size":"auto","background-attachment":"scroll","background-type":"","background-media":"","overlay-type":"","overlay-color":"","overlay-opacity":"","overlay-gradient":""},"mobile":{"background-color":"","background-image":"","background-repeat":"repeat","background-position":"center center","background-size":"auto","background-attachment":"scroll","background-type":"","background-media":"","overlay-type":"","overlay-color":"","overlay-opacity":"","overlay-gradient":""}},"ast-content-background-meta":{"desktop":{"background-color":"var(--ast-global-color-5)","background-image":"","background-repeat":"repeat","background-position":"center center","background-size":"auto","background-attachment":"scroll","background-type":"","background-media":"","overlay-type":"","overlay-color":"","overlay-opacity":"","overlay-gradient":""},"tablet":{"background-color":"var(--ast-global-color-5)","background-image":"","background-repeat":"repeat","background-position":"center center","background-size":"auto","background-attachment":"scroll","background-type":"","background-media":"","overlay-type":"","overlay-color":"","overlay-opacity":"","overlay-gradient":""},"mobile":{"background-color":"var(--ast-global-color-5)","background-image":"","background-repeat":"repeat","background-position":"center center","background-size":"auto","background-attachment":"scroll","background-type":"","background-media":"","overlay-type":"","overlay-color":"","overlay-opacity":"","overlay-gradient":""}},"footnotes":""},"class_list":["post-78","page","type-page","status-publish","hentry"],"acf":[],"_links":{"self":[{"href":"https:\/\/desdoblamiento.es\/pt\/wp-json\/wp\/v2\/pages\/78","targetHints":{"allow":["GET"]}}],"collection":[{"href":"https:\/\/desdoblamiento.es\/pt\/wp-json\/wp\/v2\/pages"}],"about":[{"href":"https:\/\/desdoblamiento.es\/pt\/wp-json\/wp\/v2\/types\/page"}],"author":[{"embeddable":true,"href":"https:\/\/desdoblamiento.es\/pt\/wp-json\/wp\/v2\/users\/1"}],"replies":[{"embeddable":true,"href":"https:\/\/desdoblamiento.es\/pt\/wp-json\/wp\/v2\/comments?post=78"}],"version-history":[{"count":1,"href":"https:\/\/desdoblamiento.es\/pt\/wp-json\/wp\/v2\/pages\/78\/revisions"}],"predecessor-version":[{"id":79,"href":"https:\/\/desdoblamiento.es\/pt\/wp-json\/wp\/v2\/pages\/78\/revisions\/79"}],"wp:attachment":[{"href":"https:\/\/desdoblamiento.es\/pt\/wp-json\/wp\/v2\/media?parent=78"}],"curies":[{"name":"wp","href":"https:\/\/api.w.org\/{rel}","templated":true}]}}