{"id":2512,"date":"2022-05-16T14:20:13","date_gmt":"2022-05-16T13:20:13","guid":{"rendered":"https:\/\/agitated-pare.82-223-217-119.plesk.page\/?post_type=product&#038;p=2512"},"modified":"2024-03-27T02:33:26","modified_gmt":"2024-03-27T01:33:26","slug":"con-el-desdoblamiento-de-los-tiempos-la-casualidad-no-tiene-tiempo-de-existir","status":"publish","type":"product","link":"https:\/\/desdoblamiento.es\/it\/prodotto\/con-el-desdoblamiento-de-los-tiempos-la-casualidad-no-tiene-tiempo-de-existir","title":{"rendered":"Un gran Descubrimiento"},"content":{"rendered":"<p style=\"font-weight: 400;\">Al igual que las part\u00edculas, tanto en lo infinitamente peque\u00f1o como en lo infinitamente grande, somos en la Tierra observadores de un tiempo intermediario entre (observadores externos)<sup>+<\/sup>\u00a0que evolucionan en un tiempo muy r\u00e1pido y (observadores internos)<sup>&#8211;<\/sup>\u00a0que evolucionan en un tiempo muy lento.<\/p>\n<p style=\"font-weight: 400;\">En tres tiempos desdoblados \u2013 pasado, presente, futuro \u2013 se producen intercambios permanentes y anticipativos de informaci\u00f3n en aperturas temporales imperceptibles. Est\u00e1n reguladas por tres velocidades: la velocidad de la luz<strong>\u00a0C<\/strong><strong><sub>O<\/sub><\/strong>\u00a0y dos velocidades supralum\u00ednicas<strong>\u00a0C<\/strong><strong><sub>1<\/sub><\/strong>\u00a0y<strong>\u00a0C<\/strong><strong><sub>2<\/sub><\/strong>.<\/p>\n<p style=\"font-weight: 400;\">Esta intrincaci\u00f3n de las part\u00edculas desdobladas nos permite por fin entender el v\u00ednculo instant\u00e1neo que existe entre el universo y nuestra vida en la Tierra.<\/p>\n<p style=\"font-weight: 400;\">Estos intercambios reales de informaciones, permanentes, anticipativos y cient\u00edficamente observables, no deber\u00edan dejarnos indiferentes.<\/p>\n<p style=\"font-weight: 400;\">Esta ley de los tiempos es fundamental y se aplica, d\u00eda y noche, en nuestra vida terrestre.<\/p>","protected":false},"excerpt":{"rendered":"<p style=\"font-weight: 400;\">Al igual que las part\u00edculas, tanto en lo infinitamente peque\u00f1o como en lo infinitamente grande, somos en la Tierra observadores de un tiempo intermediario entre (observadores externos)<sup>+<\/sup>\u00a0que evolucionan en un tiempo muy r\u00e1pido y (observadores internos)<sup>&#8211;<\/sup>\u00a0que evolucionan en un tiempo muy lento.<\/p>\n<p style=\"font-weight: 400;\">En tres tiempos desdoblados \u2013 pasado, presente, futuro \u2013 se producen intercambios permanentes y anticipativos de informaci\u00f3n en aperturas temporales imperceptibles. Est\u00e1n reguladas por tres velocidades: la velocidad de la luz<strong>\u00a0C<\/strong><strong><sub>O<\/sub><\/strong>\u00a0y dos velocidades supralum\u00ednicas<strong>\u00a0C<\/strong><strong><sub>1<\/sub><\/strong>\u00a0y<strong>\u00a0C<\/strong><strong><sub>2<\/sub><\/strong>.<\/p>\n<p style=\"font-weight: 400;\">Esta intrincaci\u00f3n de las part\u00edculas desdobladas nos permite por fin entender el v\u00ednculo instant\u00e1neo que existe entre el universo y nuestra vida en la Tierra.<\/p>\n<p style=\"font-weight: 400;\">Estos intercambios reales de informaciones, permanentes, anticipativos y cient\u00edficamente observables, no deber\u00edan dejarnos indiferentes.<\/p>\n<p style=\"font-weight: 400;\">Esta ley de los tiempos es fundamental y se aplica, d\u00eda y noche, en nuestra vida terrestre.<\/p>","protected":false},"featured_media":2531,"comment_status":"open","ping_status":"closed","template":"","meta":{"_acf_changed":false,"site-sidebar-layout":"default","site-content-layout":"default","ast-site-content-layout":"default","site-content-style":"default","site-sidebar-style":"default","ast-global-header-display":"","ast-banner-title-visibility":"","ast-main-header-display":"","ast-hfb-above-header-display":"","ast-hfb-below-header-display":"","ast-hfb-mobile-header-display":"","site-post-title":"","ast-breadcrumbs-content":"","ast-featured-img":"","footer-sml-layout":"","ast-disable-related-posts":"","theme-transparent-header-meta":"default","adv-header-id-meta":"","stick-header-meta":"","header-above-stick-meta":"","header-main-stick-meta":"","header-below-stick-meta":"","astra-migrate-meta-layouts":"default","ast-page-background-enabled":"default","ast-page-background-meta":{"desktop":{"background-color":"","background-image":"","background-repeat":"repeat","background-position":"center center","background-size":"auto","background-attachment":"scroll","background-type":"","background-media":"","overlay-type":"","overlay-color":"","overlay-opacity":"","overlay-gradient":""},"tablet":{"background-color":"","background-image":"","background-repeat":"repeat","background-position":"center center","background-size":"auto","background-attachment":"scroll","background-type":"","background-media":"","overlay-type":"","overlay-color":"","overlay-opacity":"","overlay-gradient":""},"mobile":{"background-color":"","background-image":"","background-repeat":"repeat","background-position":"center center","background-size":"auto","background-attachment":"scroll","background-type":"","background-media":"","overlay-type":"","overlay-color":"","overlay-opacity":"","overlay-gradient":""}},"ast-content-background-meta":{"desktop":{"background-color":"var(--ast-global-color-5)","background-image":"","background-repeat":"repeat","background-position":"center center","background-size":"auto","background-attachment":"scroll","background-type":"","background-media":"","overlay-type":"","overlay-color":"","overlay-opacity":"","overlay-gradient":""},"tablet":{"background-color":"var(--ast-global-color-5)","background-image":"","background-repeat":"repeat","background-position":"center center","background-size":"auto","background-attachment":"scroll","background-type":"","background-media":"","overlay-type":"","overlay-color":"","overlay-opacity":"","overlay-gradient":""},"mobile":{"background-color":"var(--ast-global-color-5)","background-image":"","background-repeat":"repeat","background-position":"center center","background-size":"auto","background-attachment":"scroll","background-type":"","background-media":"","overlay-type":"","overlay-color":"","overlay-opacity":"","overlay-gradient":""}}},"product_brand":[],"product_cat":[41,21],"product_tag":[],"class_list":{"0":"post-2512","1":"product","2":"type-product","3":"status-publish","4":"has-post-thumbnail","6":"product_cat-libros","7":"product_cat-libros-es","8":"desktop-align-left","9":"tablet-align-left","10":"mobile-align-left","12":"first","13":"instock","14":"shipping-taxable","15":"purchasable","16":"product-type-simple"},"acf":[],"_links":{"self":[{"href":"https:\/\/desdoblamiento.es\/it\/wp-json\/wp\/v2\/product\/2512","targetHints":{"allow":["GET"]}}],"collection":[{"href":"https:\/\/desdoblamiento.es\/it\/wp-json\/wp\/v2\/product"}],"about":[{"href":"https:\/\/desdoblamiento.es\/it\/wp-json\/wp\/v2\/types\/product"}],"replies":[{"embeddable":true,"href":"https:\/\/desdoblamiento.es\/it\/wp-json\/wp\/v2\/comments?post=2512"}],"version-history":[{"count":4,"href":"https:\/\/desdoblamiento.es\/it\/wp-json\/wp\/v2\/product\/2512\/revisions"}],"predecessor-version":[{"id":2638,"href":"https:\/\/desdoblamiento.es\/it\/wp-json\/wp\/v2\/product\/2512\/revisions\/2638"}],"wp:featuredmedia":[{"embeddable":true,"href":"https:\/\/desdoblamiento.es\/it\/wp-json\/wp\/v2\/media\/2531"}],"wp:attachment":[{"href":"https:\/\/desdoblamiento.es\/it\/wp-json\/wp\/v2\/media?parent=2512"}],"wp:term":[{"taxonomy":"product_brand","embeddable":true,"href":"https:\/\/desdoblamiento.es\/it\/wp-json\/wp\/v2\/product_brand?post=2512"},{"taxonomy":"product_cat","embeddable":true,"href":"https:\/\/desdoblamiento.es\/it\/wp-json\/wp\/v2\/product_cat?post=2512"},{"taxonomy":"product_tag","embeddable":true,"href":"https:\/\/desdoblamiento.es\/it\/wp-json\/wp\/v2\/product_tag?post=2512"}],"curies":[{"name":"wp","href":"https:\/\/api.w.org\/{rel}","templated":true}]}}