{"id":41,"date":"2020-11-10T12:43:31","date_gmt":"2020-11-10T11:43:31","guid":{"rendered":"https:\/\/desdo.factor360.es\/?page_id=41"},"modified":"2021-04-11T13:06:53","modified_gmt":"2021-04-11T12:06:53","slug":"jean-pierre-garnier-malet","status":"publish","type":"page","link":"https:\/\/desdoblamiento.es\/it\/jean-pierre-garnier-malet","title":{"rendered":"Jean Pierre Garnier Malet"},"content":{"rendered":"<div data-elementor-type=\"wp-page\" data-elementor-id=\"41\" class=\"elementor elementor-41\" data-elementor-post-type=\"page\">\n\t\t\t\t\t\t<section class=\"elementor-section elementor-top-section elementor-element elementor-element-65906b3 elementor-section-full_width elementor-section-height-min-height elementor-section-height-default elementor-section-items-middle\" data-id=\"65906b3\" data-element_type=\"section\" data-e-type=\"section\" data-settings=\"{&quot;background_background&quot;:&quot;classic&quot;}\">\n\t\t\t\t\t\t<div class=\"elementor-container elementor-column-gap-default\">\n\t\t\t\t\t<div class=\"elementor-column elementor-col-50 elementor-top-column elementor-element elementor-element-d30070c\" data-id=\"d30070c\" data-element_type=\"column\" data-e-type=\"column\" data-settings=\"{&quot;background_background&quot;:&quot;classic&quot;}\">\n\t\t\t<div class=\"elementor-widget-wrap elementor-element-populated\">\n\t\t\t\t\t<div class=\"elementor-background-overlay\"><\/div>\n\t\t\t\t\t\t<div class=\"elementor-element elementor-element-8c203a5 elementor-widget elementor-widget-heading\" data-id=\"8c203a5\" data-element_type=\"widget\" data-e-type=\"widget\" data-widget_type=\"heading.default\">\n\t\t\t\t<div class=\"elementor-widget-container\">\n\t\t\t\t\t<h1 class=\"elementor-heading-title elementor-size-default\">Jean<br>Pierre<br>Garnier<br>Malet<\/h1>\t\t\t\t<\/div>\n\t\t\t\t<\/div>\n\t\t\t\t<div class=\"elementor-element elementor-element-4285d68 elementor-widget elementor-widget-heading\" data-id=\"4285d68\" data-element_type=\"widget\" data-e-type=\"widget\" data-widget_type=\"heading.default\">\n\t\t\t\t<div class=\"elementor-widget-container\">\n\t\t\t\t\t<h2 class=\"elementor-heading-title elementor-size-default\">F\u00edsico y Autor de la Teor\u00eda del Desdoblamiento del Espacio y el Tiempo<\/h2>\t\t\t\t<\/div>\n\t\t\t\t<\/div>\n\t\t\t\t\t<\/div>\n\t\t<\/div>\n\t\t\t\t<div class=\"elementor-column elementor-col-50 elementor-top-column elementor-element elementor-element-068baba elementor-hidden-phone\" data-id=\"068baba\" data-element_type=\"column\" data-e-type=\"column\">\n\t\t\t<div class=\"elementor-widget-wrap\">\n\t\t\t\t\t\t\t<\/div>\n\t\t<\/div>\n\t\t\t\t\t<\/div>\n\t\t<\/section>\n\t\t\t\t<section class=\"elementor-section elementor-top-section elementor-element elementor-element-3b4b11b elementor-section-boxed elementor-section-height-default elementor-section-height-default\" data-id=\"3b4b11b\" data-element_type=\"section\" data-e-type=\"section\">\n\t\t\t\t\t\t<div class=\"elementor-container elementor-column-gap-default\">\n\t\t\t\t\t<div class=\"elementor-column elementor-col-100 elementor-top-column elementor-element elementor-element-27a73d0\" data-id=\"27a73d0\" data-element_type=\"column\" data-e-type=\"column\">\n\t\t\t<div class=\"elementor-widget-wrap elementor-element-populated\">\n\t\t\t\t\t\t<div class=\"elementor-element elementor-element-2c2a2fb elementor-widget-divider--view-line_text elementor-widget-divider--element-align-center elementor-widget elementor-widget-divider\" data-id=\"2c2a2fb\" data-element_type=\"widget\" data-e-type=\"widget\" data-widget_type=\"divider.default\">\n\t\t\t\t<div class=\"elementor-widget-container\">\n\t\t\t\t\t\t\t<div class=\"elementor-divider\">\n\t\t\t<span class=\"elementor-divider-separator\">\n\t\t\t\t\t\t\t<span class=\"elementor-divider__text elementor-divider__element\">\n\t\t\t\tBiograf\u00eda\t\t\t\t<\/span>\n\t\t\t\t\t\t<\/span>\n\t\t<\/div>\n\t\t\t\t\t\t<\/div>\n\t\t\t\t<\/div>\n\t\t\t\t\t<\/div>\n\t\t<\/div>\n\t\t\t\t\t<\/div>\n\t\t<\/section>\n\t\t\t\t<section class=\"elementor-section elementor-top-section elementor-element elementor-element-b1c1a18 elementor-section-boxed elementor-section-height-default elementor-section-height-default\" data-id=\"b1c1a18\" data-element_type=\"section\" data-e-type=\"section\" data-settings=\"{&quot;background_background&quot;:&quot;classic&quot;}\">\n\t\t\t\t\t\t\t<div class=\"elementor-background-overlay\"><\/div>\n\t\t\t\t\t\t\t<div class=\"elementor-container elementor-column-gap-default\">\n\t\t\t\t\t<div class=\"elementor-column elementor-col-100 elementor-top-column elementor-element elementor-element-028b5b2\" data-id=\"028b5b2\" data-element_type=\"column\" data-e-type=\"column\" data-settings=\"{&quot;background_background&quot;:&quot;classic&quot;}\">\n\t\t\t<div class=\"elementor-widget-wrap elementor-element-populated\">\n\t\t\t\t\t<div class=\"elementor-background-overlay\"><\/div>\n\t\t\t\t\t\t<section class=\"elementor-section elementor-inner-section elementor-element elementor-element-dd254f0 elementor-section-boxed elementor-section-height-default elementor-section-height-default\" data-id=\"dd254f0\" data-element_type=\"section\" data-e-type=\"section\">\n\t\t\t\t\t\t<div class=\"elementor-container elementor-column-gap-default\">\n\t\t\t\t\t<div class=\"elementor-column elementor-col-50 elementor-inner-column elementor-element elementor-element-48bb802\" data-id=\"48bb802\" data-element_type=\"column\" data-e-type=\"column\">\n\t\t\t<div class=\"elementor-widget-wrap elementor-element-populated\">\n\t\t\t\t\t\t<div class=\"elementor-element elementor-element-078d92f elementor-widget elementor-widget-heading\" data-id=\"078d92f\" data-element_type=\"widget\" data-e-type=\"widget\" data-widget_type=\"heading.default\">\n\t\t\t\t<div class=\"elementor-widget-container\">\n\t\t\t\t\t<h2 class=\"elementor-heading-title elementor-size-default\">Jean Pierre<\/br> \nGarnier Malet<\/h2>\t\t\t\t<\/div>\n\t\t\t\t<\/div>\n\t\t\t\t\t<\/div>\n\t\t<\/div>\n\t\t\t\t<div class=\"elementor-column elementor-col-50 elementor-inner-column elementor-element elementor-element-bd9da3e\" data-id=\"bd9da3e\" data-element_type=\"column\" data-e-type=\"column\">\n\t\t\t<div class=\"elementor-widget-wrap elementor-element-populated\">\n\t\t\t\t\t\t<div class=\"elementor-element elementor-element-a03b450 elementor-widget elementor-widget-heading\" data-id=\"a03b450\" data-element_type=\"widget\" data-e-type=\"widget\" data-widget_type=\"heading.default\">\n\t\t\t\t<div class=\"elementor-widget-container\">\n\t\t\t\t\t<span class=\"elementor-heading-title elementor-size-default\">Nacido en 1940 en Francia, en la Vienne (pa\u00eds de Descartes). F\u00edsico (Doctorado en mec\u00e1nica de fluidos), autor de la teor\u00eda del desdoblamiento del espacio y del tiempo (The Doubling Theory, 1988).<\/span>\t\t\t\t<\/div>\n\t\t\t\t<\/div>\n\t\t\t\t\t<\/div>\n\t\t<\/div>\n\t\t\t\t\t<\/div>\n\t\t<\/section>\n\t\t\t\t<section class=\"elementor-section elementor-inner-section elementor-element elementor-element-b50a354 elementor-section-boxed elementor-section-height-default elementor-section-height-default\" data-id=\"b50a354\" data-element_type=\"section\" data-e-type=\"section\">\n\t\t\t\t\t\t<div class=\"elementor-container elementor-column-gap-default\">\n\t\t\t\t\t<div class=\"elementor-column elementor-col-50 elementor-inner-column elementor-element elementor-element-7b89175\" data-id=\"7b89175\" data-element_type=\"column\" data-e-type=\"column\">\n\t\t\t<div class=\"elementor-widget-wrap elementor-element-populated\">\n\t\t\t\t\t\t<div class=\"elementor-element elementor-element-37682fb elementor-widget elementor-widget-heading\" data-id=\"37682fb\" data-element_type=\"widget\" data-e-type=\"widget\" data-widget_type=\"heading.default\">\n\t\t\t\t<div class=\"elementor-widget-container\">\n\t\t\t\t\t<span class=\"elementor-heading-title elementor-size-default\">Una escolaridad forzada<\/span>\t\t\t\t<\/div>\n\t\t\t\t<\/div>\n\t\t\t\t\t<\/div>\n\t\t<\/div>\n\t\t\t\t<div class=\"elementor-column elementor-col-50 elementor-inner-column elementor-element elementor-element-2b1af8d\" data-id=\"2b1af8d\" data-element_type=\"column\" data-e-type=\"column\">\n\t\t\t<div class=\"elementor-widget-wrap elementor-element-populated\">\n\t\t\t\t\t\t<div class=\"elementor-element elementor-element-85821f3 elementor-widget elementor-widget-text-editor\" data-id=\"85821f3\" data-element_type=\"widget\" data-e-type=\"widget\" data-widget_type=\"text-editor.default\">\n\t\t\t\t<div class=\"elementor-widget-container\">\n\t\t\t\t\t\t\t\t\t<p>Muy buen alumno, es <strong>admitido en <em>Centrale<\/em>,<\/strong> la prestigiosa escuela para la formaci\u00f3n de los l\u00edderes cient\u00edficos del futuro (<a href=\"http:\/\/www.ecp.fr\/homepage\" target=\"_blank\" rel=\"noopener\">http:\/\/www.ecp.fr\/homepage<\/a>), pero renuncia a ello pues desea dedicarse a su gran pasi\u00f3n: el cine. No obstante, bajo las influencias de su padre, militar de todas las guerras, quien le quiere orientar hacia estudios cient\u00edficos y de sus allegados, quienes le aconsejan que obtenga alg\u00fan diploma antes de nada, <strong>decide realizar \u00abr\u00e1pidamente\u00bb una licenciatura en f\u00edsica<\/strong>. Selecciona los certificados de manera que consigue pasar cinco en el mismo a\u00f1o y, con ello, logra dirigirse r\u00e1pidamente hacia lo que le interesa. Debido a un doble error, tanto por su parte como por la de la administraci\u00f3n, <strong>pasa el 2\u00ba certificado \u00ab<em>Din\u00e1mica de los fluidos\u00bb<\/em> antes que el 1\u00ba \u00ab<em>Mec\u00e1nica de los fluidos\u00bb<\/em><\/strong>. Esto <strong>atrae la atenci\u00f3n de sus profesores y del decano de la Universidad de Poitiers, quien le pide que trabaje en su laboratorio<\/strong>. A pesar de la buena recepci\u00f3n, la licenciatura en f\u00edsica no le puede ser concedida por la administraci\u00f3n si no pasa los certificados en el orden estipulado, por lo que se retrasar\u00eda dos a\u00f1os m\u00e1s.<b><\/b><\/p>\t\t\t\t\t\t\t\t<\/div>\n\t\t\t\t<\/div>\n\t\t\t\t\t<\/div>\n\t\t<\/div>\n\t\t\t\t\t<\/div>\n\t\t<\/section>\n\t\t\t\t<section class=\"elementor-section elementor-inner-section elementor-element elementor-element-bff8b22 elementor-section-boxed elementor-section-height-default elementor-section-height-default\" data-id=\"bff8b22\" data-element_type=\"section\" data-e-type=\"section\">\n\t\t\t\t\t\t<div class=\"elementor-container elementor-column-gap-default\">\n\t\t\t\t\t<div class=\"elementor-column elementor-col-50 elementor-inner-column elementor-element elementor-element-497dbd7\" data-id=\"497dbd7\" data-element_type=\"column\" data-e-type=\"column\">\n\t\t\t<div class=\"elementor-widget-wrap elementor-element-populated\">\n\t\t\t\t\t\t<div class=\"elementor-element elementor-element-afe5347 elementor-widget elementor-widget-heading\" data-id=\"afe5347\" data-element_type=\"widget\" data-e-type=\"widget\" data-widget_type=\"heading.default\">\n\t\t\t\t<div class=\"elementor-widget-container\">\n\t\t\t\t\t<span class=\"elementor-heading-title elementor-size-default\">Acelerado gracias a una derogaci\u00f3n presidencial...<\/span>\t\t\t\t<\/div>\n\t\t\t\t<\/div>\n\t\t\t\t\t<\/div>\n\t\t<\/div>\n\t\t\t\t<div class=\"elementor-column elementor-col-50 elementor-inner-column elementor-element elementor-element-63e9ad8\" data-id=\"63e9ad8\" data-element_type=\"column\" data-e-type=\"column\">\n\t\t\t<div class=\"elementor-widget-wrap elementor-element-populated\">\n\t\t\t\t\t\t<div class=\"elementor-element elementor-element-3c81f3f elementor-widget elementor-widget-text-editor\" data-id=\"3c81f3f\" data-element_type=\"widget\" data-e-type=\"widget\" data-widget_type=\"text-editor.default\">\n\t\t\t\t<div class=\"elementor-widget-container\">\n\t\t\t\t\t\t\t\t\t<p>El profesor Chartrier, decano de la Universidad, pide <strong>una derogaci\u00f3n que solo puede ser concedida por el Presidente de la Rep\u00fablica<\/strong>. A la espera de esta dispensa, que <strong>el General de Gaulle le dar\u00e1 al a\u00f1o siguiente<\/strong>, y su licencia para concluir sus estudios, Jean Pierre Garnier Malet pasa su tiempo en la biblioteca del laboratorio de mec\u00e1nica de los fluidos.<b><\/b><\/p><p>En un libro en ingl\u00e9s o en ruso, <strong>encuentra una ecuaci\u00f3n conocida por no tener soluci\u00f3n<\/strong>, pero, al ser su conocimiento del ingl\u00e9s o del ruso muy pobre, <strong>ignora esta reputaci\u00f3n y encuentra la soluci\u00f3n<\/strong>. Su profesor, <strong>R. Goethals<\/strong>, primero divertido y luego convencido de que hab\u00eda cometido errores, pide a su asistente chino que lo compruebe. <strong>Tsen Li Fang<\/strong> piensa, igualmente, que es una p\u00e9rdida de tiempo.<\/p>\t\t\t\t\t\t\t\t<\/div>\n\t\t\t\t<\/div>\n\t\t\t\t\t<\/div>\n\t\t<\/div>\n\t\t\t\t\t<\/div>\n\t\t<\/section>\n\t\t\t\t<section class=\"elementor-section elementor-inner-section elementor-element elementor-element-0cdf009 elementor-section-boxed elementor-section-height-default elementor-section-height-default\" data-id=\"0cdf009\" data-element_type=\"section\" data-e-type=\"section\">\n\t\t\t\t\t\t<div class=\"elementor-container elementor-column-gap-default\">\n\t\t\t\t\t<div class=\"elementor-column elementor-col-50 elementor-inner-column elementor-element elementor-element-954fc38\" data-id=\"954fc38\" data-element_type=\"column\" data-e-type=\"column\">\n\t\t\t<div class=\"elementor-widget-wrap elementor-element-populated\">\n\t\t\t\t\t\t<div class=\"elementor-element elementor-element-609f7e0 elementor-widget elementor-widget-heading\" data-id=\"609f7e0\" data-element_type=\"widget\" data-e-type=\"widget\" data-widget_type=\"heading.default\">\n\t\t\t\t<div class=\"elementor-widget-container\">\n\t\t\t\t\t<span class=\"elementor-heading-title elementor-size-default\">Y concluido por un informe en la Academia de las Ciencias y otra nueva derogaci\u00f3n<\/span>\t\t\t\t<\/div>\n\t\t\t\t<\/div>\n\t\t\t\t\t<\/div>\n\t\t<\/div>\n\t\t\t\t<div class=\"elementor-column elementor-col-50 elementor-inner-column elementor-element elementor-element-d0ba6aa\" data-id=\"d0ba6aa\" data-element_type=\"column\" data-e-type=\"column\">\n\t\t\t<div class=\"elementor-widget-wrap elementor-element-populated\">\n\t\t\t\t\t\t<div class=\"elementor-element elementor-element-7871cd5 elementor-widget elementor-widget-text-editor\" data-id=\"7871cd5\" data-element_type=\"widget\" data-e-type=\"widget\" data-widget_type=\"text-editor.default\">\n\t\t\t\t<div class=\"elementor-widget-container\">\n\t\t\t\t\t\t\t\t\t<p>Tras la comprobaci\u00f3n, no solo <strong>el resultado obtenido por Jean Pierre Garnier Malet es excelente<\/strong>, sino que, adem\u00e1s, esta ecuaci\u00f3n, llamada de Laplace-Bernoulli, es tan interesante que <strong>debe ser objeto ya no solo de una tesis, sino tambi\u00e9n de un informe a la Academia de las Ciencias<\/strong>. La aplicaci\u00f3n es tan interesante que permite a la Universidad de Poitiers ser la primera universidad francesa en obtener un ordenador: un IBM. <strong>Es publicado en la Academia de las Ciencias, propuesto por Leopold Escande<\/strong> (Referencias del informe: <em>\u00abEfecto de suelo sobre un jet plan comprensible convergente o divergente. Nota de Li Fang Tsen y Jean Pierre Malet. Transmitido por Leopold Escande, informe del 10 de octubre de 1966. Tomo 263. P\u00e1ginas 500 a 503\u00bb<\/em>). No obstante, a pesar del informe de la Academia de las ciencias, una tesis de Estado no puede ser obtenida en uno o dos a\u00f1os. Hace falta, pues, una nueva dispensa para transformar una tesis de tercer ciclo en tesis de Estado. Al a\u00f1o siguiente, Jean Pierre Garnier Malet<strong>\u00a0se beneficia nuevamente de una segunda dispensa<\/strong> gracias a un codicilo <strong>del primer ministro Georges Pompidou<\/strong>, aceptado por el Decano de la Universidad.<b><\/b><\/p>\t\t\t\t\t\t\t\t<\/div>\n\t\t\t\t<\/div>\n\t\t\t\t\t<\/div>\n\t\t<\/div>\n\t\t\t\t\t<\/div>\n\t\t<\/section>\n\t\t\t\t<section class=\"elementor-section elementor-inner-section elementor-element elementor-element-7675e90 elementor-section-boxed elementor-section-height-default elementor-section-height-default\" data-id=\"7675e90\" data-element_type=\"section\" data-e-type=\"section\">\n\t\t\t\t\t\t<div class=\"elementor-container elementor-column-gap-default\">\n\t\t\t\t\t<div class=\"elementor-column elementor-col-50 elementor-inner-column elementor-element elementor-element-c86567a\" data-id=\"c86567a\" data-element_type=\"column\" data-e-type=\"column\">\n\t\t\t<div class=\"elementor-widget-wrap elementor-element-populated\">\n\t\t\t\t\t\t<div class=\"elementor-element elementor-element-abb19f3 elementor-widget elementor-widget-heading\" data-id=\"abb19f3\" data-element_type=\"widget\" data-e-type=\"widget\" data-widget_type=\"heading.default\">\n\t\t\t\t<div class=\"elementor-widget-container\">\n\t\t\t\t\t<span class=\"elementor-heading-title elementor-size-default\">Una carrera trazada pero interrumpida<\/span>\t\t\t\t<\/div>\n\t\t\t\t<\/div>\n\t\t\t\t\t<\/div>\n\t\t<\/div>\n\t\t\t\t<div class=\"elementor-column elementor-col-50 elementor-inner-column elementor-element elementor-element-df7014f\" data-id=\"df7014f\" data-element_type=\"column\" data-e-type=\"column\">\n\t\t\t<div class=\"elementor-widget-wrap elementor-element-populated\">\n\t\t\t\t\t\t<div class=\"elementor-element elementor-element-c3b23c1 elementor-widget elementor-widget-text-editor\" data-id=\"c3b23c1\" data-element_type=\"widget\" data-e-type=\"widget\" data-widget_type=\"text-editor.default\">\n\t\t\t\t<div class=\"elementor-widget-container\">\n\t\t\t\t\t\t\t\t\t<div class=\"uk-grid-margin\"><div class=\"el-item uk-panel uk-margin-remove-first-child uk-scrollspy-inview uk-animation-slide-top-small\"><div class=\"el-content uk-panel uk-margin-top\"><p><strong>Empieza a ser solicitado por los embajadores de la URSS, USA y Canad\u00e1 en persona<\/strong>, quienes le proponen integrarle en sus centros de investigaci\u00f3n. El cine se aleja. Rechaza todas las propuestas y empieza su servicio militar en la marina como 3\u00aa clase sin especialidad, en Hourtin, y luego es destinado a Par\u00eds. Con su trayectoria, <strong>es r\u00e1pidamente asignado a un servicio de investigaciones fundamentales (DRME)<\/strong> y empieza, de esta manera, su carrera en la investigaci\u00f3n militar. M\u00e1s adelante, decide ponerle fin y <strong>obtiene, por convalidaci\u00f3n, un diploma de arquitecto<\/strong>; la profesi\u00f3n que le dar\u00e1 de comer los siguientes a\u00f1os. En su tiempo libre, puede por fin consagrarse al cine y colaborar, incluso, con varios realizadores. A pesar de todo, <strong>se siente impulsado a seguir con sus investigaciones<\/strong> y su esp\u00edritu libre no se ve condicionado por ninguna escuela, laboratorio ni dictado.<b><\/b><\/p><\/div><\/div><\/div>\t\t\t\t\t\t\t\t<\/div>\n\t\t\t\t<\/div>\n\t\t\t\t\t<\/div>\n\t\t<\/div>\n\t\t\t\t\t<\/div>\n\t\t<\/section>\n\t\t\t\t<section class=\"elementor-section elementor-inner-section elementor-element elementor-element-5697636 elementor-section-boxed elementor-section-height-default elementor-section-height-default\" data-id=\"5697636\" data-element_type=\"section\" data-e-type=\"section\">\n\t\t\t\t\t\t<div class=\"elementor-container elementor-column-gap-default\">\n\t\t\t\t\t<div class=\"elementor-column elementor-col-50 elementor-inner-column elementor-element elementor-element-eefa80d\" data-id=\"eefa80d\" data-element_type=\"column\" data-e-type=\"column\">\n\t\t\t<div class=\"elementor-widget-wrap elementor-element-populated\">\n\t\t\t\t\t\t<div class=\"elementor-element elementor-element-8ee7f81 elementor-widget elementor-widget-heading\" data-id=\"8ee7f81\" data-element_type=\"widget\" data-e-type=\"widget\" data-widget_type=\"heading.default\">\n\t\t\t\t<div class=\"elementor-widget-container\">\n\t\t\t\t\t<span class=\"elementor-heading-title elementor-size-default\">10 a\u00f1os de investigaciones para descubrir la \"Teor\u00eda del desdoblamiento\"<\/span>\t\t\t\t<\/div>\n\t\t\t\t<\/div>\n\t\t\t\t\t<\/div>\n\t\t<\/div>\n\t\t\t\t<div class=\"elementor-column elementor-col-50 elementor-inner-column elementor-element elementor-element-535940a\" data-id=\"535940a\" data-element_type=\"column\" data-e-type=\"column\">\n\t\t\t<div class=\"elementor-widget-wrap elementor-element-populated\">\n\t\t\t\t\t\t<div class=\"elementor-element elementor-element-b672de9 elementor-widget elementor-widget-text-editor\" data-id=\"b672de9\" data-element_type=\"widget\" data-e-type=\"widget\" data-widget_type=\"text-editor.default\">\n\t\t\t\t<div class=\"elementor-widget-container\">\n\t\t\t\t\t\t\t\t\t<div class=\"uk-grid-margin\"><div class=\"el-item uk-panel uk-margin-remove-first-child uk-scrollspy-inview uk-animation-slide-top-small\"><div class=\"el-content uk-panel uk-margin-top\"><p>Tras un descubrimiento esencial acerca de la propiedad del tiempo en 1988, y <strong>sintiendo que tiene entre sus manos una teor\u00eda fundamental<\/strong>, va dejando de lado, poco a poco, su profesi\u00f3n de arquitecto, as\u00ed como su pasi\u00f3n por el cine, para consagrarse, a menudo, unas 18 horas al d\u00eda durante m\u00e1s de 10 a\u00f1os a sus <strong>investigaciones fundamentales acerca del tiempo<\/strong>. <strong>Dichas investigaciones le llevar\u00e1n a la teor\u00eda del desdoblamiento del tiempo y del espacio<\/strong>.<\/p><p>En reconocimiento hacia su mujer, que lo ha apoyado y ayudado durante esos diez a\u00f1os de investigaciones solitarias, Jean Pierre Malet a\u00f1ade el apellido de esta al suyo. Llamado Jean Malet desde su nacimiento, firma el conjunto de sus publicaciones como Jean Pierre Garnier Malet.<\/p><p>Desde 1996, JPGM se esfuerza en dar a conocer su teor\u00eda al p\u00fablico en general debido a sus numerosas e importantes aplicaciones y, sobre todo,<b> la anticipaci\u00f3n, el instinto y la intuici\u00f3n relacionados con el principio vital del desdoblamiento del tiempo. \u00a1Los resultados est\u00e1n ah\u00ed!<\/b><b><\/b><\/p><\/div><\/div><\/div>\t\t\t\t\t\t\t\t<\/div>\n\t\t\t\t<\/div>\n\t\t\t\t<div class=\"elementor-element elementor-element-b058822 elementor-widget elementor-widget-text-editor\" data-id=\"b058822\" data-element_type=\"widget\" data-e-type=\"widget\" data-widget_type=\"text-editor.default\">\n\t\t\t\t<div class=\"elementor-widget-container\">\n\t\t\t\t\t\t\t\t\t<a href=\"https:\/\/www.garnier-malet.com\" target=\"_blank\" rel=\"noopener\">Descubre la f\u00f3rmula cient\u00edfica del Desdoblamiento del Espacio y del Tiempo en la web oficial de Jean Pierre Garnier Malet<\/a>\t\t\t\t\t\t\t\t<\/div>\n\t\t\t\t<\/div>\n\t\t\t\t\t<\/div>\n\t\t<\/div>\n\t\t\t\t\t<\/div>\n\t\t<\/section>\n\t\t\t\t\t<\/div>\n\t\t<\/div>\n\t\t\t\t\t<\/div>\n\t\t<\/section>\n\t\t\t\t<\/div>","protected":false},"excerpt":{"rendered":"<p>JeanPierreGarnierMalet F\u00edsico y Autor de la Teor\u00eda del Desdoblamiento del Espacio y el Tiempo Biograf\u00eda Jean Pierre Garnier Malet Nacido en 1940 en Francia, en la Vienne (pa\u00eds de Descartes). F\u00edsico (Doctorado en mec\u00e1nica de fluidos), autor de la teor\u00eda del desdoblamiento del espacio y del tiempo (The Doubling Theory, 1988). Una escolaridad forzada Muy [&hellip;]<\/p>\n","protected":false},"author":1,"featured_media":0,"parent":0,"menu_order":0,"comment_status":"closed","ping_status":"closed","template":"","meta":{"_acf_changed":false,"site-sidebar-layout":"no-sidebar","site-content-layout":"page-builder","ast-site-content-layout":"default","site-content-style":"default","site-sidebar-style":"default","ast-global-header-display":"","ast-banner-title-visibility":"","ast-main-header-display":"","ast-hfb-above-header-display":"","ast-hfb-below-header-display":"","ast-hfb-mobile-header-display":"","site-post-title":"disabled","ast-breadcrumbs-content":"","ast-featured-img":"disabled","footer-sml-layout":"","ast-disable-related-posts":"","theme-transparent-header-meta":"default","adv-header-id-meta":"","stick-header-meta":"","header-above-stick-meta":"","header-main-stick-meta":"","header-below-stick-meta":"","astra-migrate-meta-layouts":"default","ast-page-background-enabled":"default","ast-page-background-meta":{"desktop":{"background-color":"","background-image":"","background-repeat":"repeat","background-position":"center center","background-size":"auto","background-attachment":"scroll","background-type":"","background-media":"","overlay-type":"","overlay-color":"","overlay-opacity":"","overlay-gradient":""},"tablet":{"background-color":"","background-image":"","background-repeat":"repeat","background-position":"center center","background-size":"auto","background-attachment":"scroll","background-type":"","background-media":"","overlay-type":"","overlay-color":"","overlay-opacity":"","overlay-gradient":""},"mobile":{"background-color":"","background-image":"","background-repeat":"repeat","background-position":"center center","background-size":"auto","background-attachment":"scroll","background-type":"","background-media":"","overlay-type":"","overlay-color":"","overlay-opacity":"","overlay-gradient":""}},"ast-content-background-meta":{"desktop":{"background-color":"var(--ast-global-color-5)","background-image":"","background-repeat":"repeat","background-position":"center center","background-size":"auto","background-attachment":"scroll","background-type":"","background-media":"","overlay-type":"","overlay-color":"","overlay-opacity":"","overlay-gradient":""},"tablet":{"background-color":"var(--ast-global-color-5)","background-image":"","background-repeat":"repeat","background-position":"center center","background-size":"auto","background-attachment":"scroll","background-type":"","background-media":"","overlay-type":"","overlay-color":"","overlay-opacity":"","overlay-gradient":""},"mobile":{"background-color":"var(--ast-global-color-5)","background-image":"","background-repeat":"repeat","background-position":"center center","background-size":"auto","background-attachment":"scroll","background-type":"","background-media":"","overlay-type":"","overlay-color":"","overlay-opacity":"","overlay-gradient":""}},"footnotes":""},"class_list":["post-41","page","type-page","status-publish","hentry"],"acf":[],"_links":{"self":[{"href":"https:\/\/desdoblamiento.es\/it\/wp-json\/wp\/v2\/pages\/41","targetHints":{"allow":["GET"]}}],"collection":[{"href":"https:\/\/desdoblamiento.es\/it\/wp-json\/wp\/v2\/pages"}],"about":[{"href":"https:\/\/desdoblamiento.es\/it\/wp-json\/wp\/v2\/types\/page"}],"author":[{"embeddable":true,"href":"https:\/\/desdoblamiento.es\/it\/wp-json\/wp\/v2\/users\/1"}],"replies":[{"embeddable":true,"href":"https:\/\/desdoblamiento.es\/it\/wp-json\/wp\/v2\/comments?post=41"}],"version-history":[{"count":41,"href":"https:\/\/desdoblamiento.es\/it\/wp-json\/wp\/v2\/pages\/41\/revisions"}],"predecessor-version":[{"id":1518,"href":"https:\/\/desdoblamiento.es\/it\/wp-json\/wp\/v2\/pages\/41\/revisions\/1518"}],"wp:attachment":[{"href":"https:\/\/desdoblamiento.es\/it\/wp-json\/wp\/v2\/media?parent=41"}],"curies":[{"name":"wp","href":"https:\/\/api.w.org\/{rel}","templated":true}]}}