{"id":798,"date":"2020-12-02T13:36:44","date_gmt":"2020-12-02T12:36:44","guid":{"rendered":"https:\/\/desdo.factor360.es\/?post_type=product&#038;p=798"},"modified":"2022-12-03T11:37:19","modified_gmt":"2022-12-03T10:37:19","slug":"reserva-formacion-inicial-madrid","status":"publish","type":"product","link":"https:\/\/desdoblamiento.es\/en\/product\/reserva-formacion-inicial-madrid","title":{"rendered":"Reserva Formaci\u00f3n Inicial Madrid"},"content":{"rendered":"<div class=\"elementor-element elementor-element-dfce775 elementor-widget elementor-widget-heading\" data-id=\"dfce775\" data-element_type=\"widget\" data-widget_type=\"heading.default\">\n<div class=\"elementor-widget-container\">\n<h4 class=\"elementor-heading-title elementor-size-default\">El Descubrimiento<\/h4>\n<\/div>\n<\/div>\n<div class=\"elementor-element elementor-element-497fc0e elementor-widget elementor-widget-text-editor\" data-id=\"497fc0e\" data-element_type=\"widget\" data-widget_type=\"text-editor.default\">\n<div class=\"elementor-widget-container\">\n<div class=\"elementor-text-editor elementor-clearfix\">\n<p>El tiempo nos parece continuo, sin embargo la imaginaria m\u00e9dica del cerebro muestra que no es as\u00ed y la teor\u00eda del desdoblamiento demuestra que dos instantes perceptibles est\u00e1n siempre separados por un instante imperceptible.<\/p>\n<\/div>\n<\/div>\n<\/div>\n<div class=\"elementor-element elementor-element-1860e7c elementor-widget elementor-widget-heading\" data-id=\"1860e7c\" data-element_type=\"widget\" data-widget_type=\"heading.default\">\n<div class=\"elementor-widget-container\">\n<h4 class=\"elementor-heading-title elementor-size-default\">El Desdoblamiento<\/h4>\n<\/div>\n<\/div>\n<div class=\"elementor-element elementor-element-4ceb7b8 elementor-widget elementor-widget-text-editor\" data-id=\"4ceb7b8\" data-element_type=\"widget\" data-widget_type=\"text-editor.default\">\n<div class=\"elementor-widget-container\">\n<div class=\"elementor-text-editor elementor-clearfix\">\n<p>Nos hace presentes en un tiempo que no percibimos en nuestro tiempo presente, pero d\u00f3nde, como cualquier espacio o part\u00edcula, estamos desdoblados para as\u00ed guardar la memoria de nuestros potenciales.<\/p>\n<\/div>\n<\/div>\n<\/div>\n<div class=\"elementor-element elementor-element-181053d elementor-widget elementor-widget-heading\" data-id=\"181053d\" data-element_type=\"widget\" data-widget_type=\"heading.default\">\n<div class=\"elementor-widget-container\">\n<h4 class=\"elementor-heading-title elementor-size-default\">Llamadas &lt;&lt; aperturas temporales &gt;&gt; por JPGM<\/h4>\n<\/div>\n<\/div>\n<div class=\"elementor-element elementor-element-8a9ee40 elementor-widget elementor-widget-text-editor\" data-id=\"8a9ee40\" data-element_type=\"widget\" data-widget_type=\"text-editor.default\">\n<div class=\"elementor-widget-container\">\n<div class=\"elementor-text-editor elementor-clearfix\">\n<p>Estos instantes imperceptibles permiten intercambiar en nuestro tiempo (presente) informaciones vitales entre el guardi\u00e1n de nuestra memoria (pasado) y nuestras m\u00faltiples posibilidades de porvenir (futuro). As\u00ed pues, cada uno puede optimizar su porvenir antes de vivirlo, entender su vida y crear un equilibrio individual y colectivo. Sin este control, nos volvemos marionetas del futuro y nuestra vida en la tierra no sirve para nada.<\/p>\n<\/div>\n<\/div>\n<\/div>\n<div class=\"elementor-element elementor-element-8f8f4f7 elementor-widget elementor-widget-heading\" data-id=\"8f8f4f7\" data-element_type=\"widget\" data-widget_type=\"heading.default\">\n<div class=\"elementor-widget-container\">\n<h4 class=\"elementor-heading-title elementor-size-default\">Olvidando todo lo que hab\u00e9is aprendido<\/h4>\n<\/div>\n<\/div>\n<div class=\"elementor-element elementor-element-fa261da elementor-widget elementor-widget-text-editor\" data-id=\"fa261da\" data-element_type=\"widget\" data-widget_type=\"text-editor.default\">\n<div class=\"elementor-widget-container\">\n<div class=\"elementor-text-editor elementor-clearfix\">\n<p>Pod\u00e9is partir sobre nuevas bases tan necesarias como asombrosas. Este descubrimiento implica un total cuestionamiento de vuestro modo de vida y permite encontrar r\u00e1pidamente un equilibrio, f\u00edsico, ps\u00edquico, afectivo, familiar o profesional, correspondiente a un nuevo equilibrio de vuestros pensamientos.<\/p>\n<\/div>\n<\/div>\n<\/div>\n<div class=\"elementor-element elementor-element-a8e91c0 elementor-widget elementor-widget-heading\" data-id=\"a8e91c0\" data-element_type=\"widget\" data-widget_type=\"heading.default\">\n<div class=\"elementor-widget-container\">\n<h4 class=\"elementor-heading-title elementor-size-default\">Una formaci\u00f3n<\/h4>\n<\/div>\n<\/div>\n<div class=\"elementor-element elementor-element-8093ae4 elementor-widget elementor-widget-text-editor\" data-id=\"8093ae4\" data-element_type=\"widget\" data-widget_type=\"text-editor.default\">\n<div class=\"elementor-widget-container\">\n<div class=\"elementor-text-editor elementor-clearfix\">\n<p>Llevada a cabo la v\u00edspera y al d\u00eda siguiente de una noche), permite, gracias al dominio de este principio vital, el descubrimiento y el control inmediato de un enorme potencial energ\u00e9tico individual, relacionado con las \u00abaperturas temporales\u00bb. Este control diario nos da el mejor potencial disponible para equilibrarnos modificando nuestros instintos e intuiciones. Esta formaci\u00f3n permite optimizar terapias y b\u00fasquedas de equilibrio.<\/p>\n<\/div>\n<\/div>\n<\/div>","protected":false},"excerpt":{"rendered":"<p>El Descubrimiento El tiempo nos parece continuo, sin embargo la imaginaria m\u00e9dica del cerebro muestra que no es as\u00ed y la teor\u00eda del desdoblamiento demuestra que dos instantes perceptibles est\u00e1n siempre separados por un instante imperceptible. El Desdoblamiento Nos hace presentes en un tiempo que no percibimos en nuestro tiempo presente, pero d\u00f3nde, como cualquier [&hellip;]<\/p>\n","protected":false},"featured_media":1066,"comment_status":"open","ping_status":"closed","template":"","meta":{"_acf_changed":false,"site-sidebar-layout":"default","site-content-layout":"default","ast-site-content-layout":"default","site-content-style":"default","site-sidebar-style":"default","ast-global-header-display":"","ast-banner-title-visibility":"","ast-main-header-display":"","ast-hfb-above-header-display":"","ast-hfb-below-header-display":"","ast-hfb-mobile-header-display":"","site-post-title":"","ast-breadcrumbs-content":"","ast-featured-img":"","footer-sml-layout":"","ast-disable-related-posts":"","theme-transparent-header-meta":"default","adv-header-id-meta":"","stick-header-meta":"","header-above-stick-meta":"","header-main-stick-meta":"","header-below-stick-meta":"","astra-migrate-meta-layouts":"default","ast-page-background-enabled":"default","ast-page-background-meta":{"desktop":{"background-color":"","background-image":"","background-repeat":"repeat","background-position":"center center","background-size":"auto","background-attachment":"scroll","background-type":"","background-media":"","overlay-type":"","overlay-color":"","overlay-opacity":"","overlay-gradient":""},"tablet":{"background-color":"","background-image":"","background-repeat":"repeat","background-position":"center center","background-size":"auto","background-attachment":"scroll","background-type":"","background-media":"","overlay-type":"","overlay-color":"","overlay-opacity":"","overlay-gradient":""},"mobile":{"background-color":"","background-image":"","background-repeat":"repeat","background-position":"center center","background-size":"auto","background-attachment":"scroll","background-type":"","background-media":"","overlay-type":"","overlay-color":"","overlay-opacity":"","overlay-gradient":""}},"ast-content-background-meta":{"desktop":{"background-color":"var(--ast-global-color-5)","background-image":"","background-repeat":"repeat","background-position":"center center","background-size":"auto","background-attachment":"scroll","background-type":"","background-media":"","overlay-type":"","overlay-color":"","overlay-opacity":"","overlay-gradient":""},"tablet":{"background-color":"var(--ast-global-color-5)","background-image":"","background-repeat":"repeat","background-position":"center center","background-size":"auto","background-attachment":"scroll","background-type":"","background-media":"","overlay-type":"","overlay-color":"","overlay-opacity":"","overlay-gradient":""},"mobile":{"background-color":"var(--ast-global-color-5)","background-image":"","background-repeat":"repeat","background-position":"center center","background-size":"auto","background-attachment":"scroll","background-type":"","background-media":"","overlay-type":"","overlay-color":"","overlay-opacity":"","overlay-gradient":""}}},"product_brand":[],"product_cat":[42],"product_tag":[],"class_list":{"0":"post-798","1":"product","2":"type-product","3":"status-publish","4":"has-post-thumbnail","6":"product_cat-formaciones","7":"desktop-align-left","8":"tablet-align-left","9":"mobile-align-left","11":"first","12":"instock","13":"virtual","14":"purchasable","15":"product-type-simple"},"acf":[],"_links":{"self":[{"href":"https:\/\/desdoblamiento.es\/en\/wp-json\/wp\/v2\/product\/798","targetHints":{"allow":["GET"]}}],"collection":[{"href":"https:\/\/desdoblamiento.es\/en\/wp-json\/wp\/v2\/product"}],"about":[{"href":"https:\/\/desdoblamiento.es\/en\/wp-json\/wp\/v2\/types\/product"}],"replies":[{"embeddable":true,"href":"https:\/\/desdoblamiento.es\/en\/wp-json\/wp\/v2\/comments?post=798"}],"version-history":[{"count":2,"href":"https:\/\/desdoblamiento.es\/en\/wp-json\/wp\/v2\/product\/798\/revisions"}],"predecessor-version":[{"id":2160,"href":"https:\/\/desdoblamiento.es\/en\/wp-json\/wp\/v2\/product\/798\/revisions\/2160"}],"wp:featuredmedia":[{"embeddable":true,"href":"https:\/\/desdoblamiento.es\/en\/wp-json\/wp\/v2\/media\/1066"}],"wp:attachment":[{"href":"https:\/\/desdoblamiento.es\/en\/wp-json\/wp\/v2\/media?parent=798"}],"wp:term":[{"taxonomy":"product_brand","embeddable":true,"href":"https:\/\/desdoblamiento.es\/en\/wp-json\/wp\/v2\/product_brand?post=798"},{"taxonomy":"product_cat","embeddable":true,"href":"https:\/\/desdoblamiento.es\/en\/wp-json\/wp\/v2\/product_cat?post=798"},{"taxonomy":"product_tag","embeddable":true,"href":"https:\/\/desdoblamiento.es\/en\/wp-json\/wp\/v2\/product_tag?post=798"}],"curies":[{"name":"wp","href":"https:\/\/api.w.org\/{rel}","templated":true}]}}