{"id":683,"date":"2020-11-24T13:26:44","date_gmt":"2020-11-24T12:26:44","guid":{"rendered":"https:\/\/desdo.factor360.es\/?post_type=product&#038;p=683"},"modified":"2024-08-15T06:06:30","modified_gmt":"2024-08-15T05:06:30","slug":"verandern-sie-ihre-zukunft-durch-zeitoffnungen","status":"publish","type":"product","link":"https:\/\/desdoblamiento.es\/en\/product\/verandern-sie-ihre-zukunft-durch-zeitoffnungen","title":{"rendered":"Ver\u00e4ndern Sie Ihre Zukunft: Durch Zeit\u00f6ffnungen!"},"content":{"rendered":"<p>Als junger Student sorgt Jean-Pierre Garnier-Malet im Jahr 1966 f\u00fcr Aufsehen in der Welt der Wissenschaften, als er einen Artikel in der Wissenschaftsakademie in Paris ver\u00f6ffentlicht.<\/p>\n<p>1988 macht er eine gro\u00dfartige Entdeckung im Bereich der Eigenschaften der Zeit.<\/p>\n<p>Zwischen 1998 und 2006 bringt seine Theorie von der Verdopplung der Zeit viele neue wissenschaftliche Erkenntnisse, die es erm\u00f6glichen, insbesondere den Mechanismus des Lebens, unserer Gedanken zu erkl\u00e4ren und auf beste Weise Intuitionen, Instinkte und Voraussagungen zu n\u00fctzlich zu machen. Die Verdopplung stellt sie\u00a0 uns in jedem Augenblick zur Verf\u00fcgung.<\/p>\n<p>Mit Hilfe seine Frau Lucile hat Garnier-Malet die beste Art und Weise gefunden, diese phantastische Energie zu nutzen, die uns jetzt am Ende des Zyklus der Zeitverdopplung zur Verf\u00fcgung steht\u00a0 und uns m\u00f6glich macht, ein andauerndes inneres Gleichgewicht zu erhalten.<\/p>\n<p>Es ist nur Unwissen, das uns am Ende der Zeiten Probleme schafft. Es l\u00e4sst auch irrt\u00fcmlicherweise gewisse Menschen an das Ende der Welt denken. So schaffen sie selbst, ohne es zu wissen, alle m\u00f6glichen chaotischen Zust\u00e4nde.<\/p>\n<p>Beim Lesen dieses Buches werden Sie endlich verstehen, dass Sie in der Tat \u00ab Ihre Zukunft ver\u00e4ndern \u00ab\u00a0 und vor allem den Planeten Erde sch\u00fctzen k\u00f6nnen.<\/p>","protected":false},"excerpt":{"rendered":"<p>Als junger Student sorgt Jean-Pierre Garnier-Malet im Jahr 1966 f\u00fcr Aufsehen in der Welt der Wissenschaften, als er einen Artikel in der Wissenschaftsakademie in Paris ver\u00f6ffentlicht. 1988 macht er eine gro\u00dfartige Entdeckung im Bereich der Eigenschaften der Zeit. Zwischen 1998 und 2006 bringt seine Theorie von der Verdopplung der Zeit viele neue wissenschaftliche Erkenntnisse, die [&hellip;]<\/p>\n","protected":false},"featured_media":492,"comment_status":"open","ping_status":"closed","template":"","meta":{"_acf_changed":false,"site-sidebar-layout":"default","site-content-layout":"default","ast-site-content-layout":"default","site-content-style":"default","site-sidebar-style":"default","ast-global-header-display":"","ast-banner-title-visibility":"","ast-main-header-display":"","ast-hfb-above-header-display":"","ast-hfb-below-header-display":"","ast-hfb-mobile-header-display":"","site-post-title":"","ast-breadcrumbs-content":"","ast-featured-img":"","footer-sml-layout":"","ast-disable-related-posts":"","theme-transparent-header-meta":"default","adv-header-id-meta":"","stick-header-meta":"","header-above-stick-meta":"","header-main-stick-meta":"","header-below-stick-meta":"","astra-migrate-meta-layouts":"default","ast-page-background-enabled":"default","ast-page-background-meta":{"desktop":{"background-color":"","background-image":"","background-repeat":"repeat","background-position":"center center","background-size":"auto","background-attachment":"scroll","background-type":"","background-media":"","overlay-type":"","overlay-color":"","overlay-opacity":"","overlay-gradient":""},"tablet":{"background-color":"","background-image":"","background-repeat":"repeat","background-position":"center center","background-size":"auto","background-attachment":"scroll","background-type":"","background-media":"","overlay-type":"","overlay-color":"","overlay-opacity":"","overlay-gradient":""},"mobile":{"background-color":"","background-image":"","background-repeat":"repeat","background-position":"center center","background-size":"auto","background-attachment":"scroll","background-type":"","background-media":"","overlay-type":"","overlay-color":"","overlay-opacity":"","overlay-gradient":""}},"ast-content-background-meta":{"desktop":{"background-color":"var(--ast-global-color-5)","background-image":"","background-repeat":"repeat","background-position":"center center","background-size":"auto","background-attachment":"scroll","background-type":"","background-media":"","overlay-type":"","overlay-color":"","overlay-opacity":"","overlay-gradient":""},"tablet":{"background-color":"var(--ast-global-color-5)","background-image":"","background-repeat":"repeat","background-position":"center center","background-size":"auto","background-attachment":"scroll","background-type":"","background-media":"","overlay-type":"","overlay-color":"","overlay-opacity":"","overlay-gradient":""},"mobile":{"background-color":"var(--ast-global-color-5)","background-image":"","background-repeat":"repeat","background-position":"center center","background-size":"auto","background-attachment":"scroll","background-type":"","background-media":"","overlay-type":"","overlay-color":"","overlay-opacity":"","overlay-gradient":""}}},"product_brand":[],"product_cat":[41,25],"product_tag":[],"class_list":{"0":"post-683","1":"product","2":"type-product","3":"status-publish","4":"has-post-thumbnail","6":"product_cat-libros","7":"product_cat-libros-de","8":"desktop-align-left","9":"tablet-align-left","10":"mobile-align-left","12":"first","13":"instock","14":"shipping-taxable","15":"purchasable","16":"product-type-simple"},"acf":[],"_links":{"self":[{"href":"https:\/\/desdoblamiento.es\/en\/wp-json\/wp\/v2\/product\/683","targetHints":{"allow":["GET"]}}],"collection":[{"href":"https:\/\/desdoblamiento.es\/en\/wp-json\/wp\/v2\/product"}],"about":[{"href":"https:\/\/desdoblamiento.es\/en\/wp-json\/wp\/v2\/types\/product"}],"replies":[{"embeddable":true,"href":"https:\/\/desdoblamiento.es\/en\/wp-json\/wp\/v2\/comments?post=683"}],"version-history":[{"count":0,"href":"https:\/\/desdoblamiento.es\/en\/wp-json\/wp\/v2\/product\/683\/revisions"}],"wp:featuredmedia":[{"embeddable":true,"href":"https:\/\/desdoblamiento.es\/en\/wp-json\/wp\/v2\/media\/492"}],"wp:attachment":[{"href":"https:\/\/desdoblamiento.es\/en\/wp-json\/wp\/v2\/media?parent=683"}],"wp:term":[{"taxonomy":"product_brand","embeddable":true,"href":"https:\/\/desdoblamiento.es\/en\/wp-json\/wp\/v2\/product_brand?post=683"},{"taxonomy":"product_cat","embeddable":true,"href":"https:\/\/desdoblamiento.es\/en\/wp-json\/wp\/v2\/product_cat?post=683"},{"taxonomy":"product_tag","embeddable":true,"href":"https:\/\/desdoblamiento.es\/en\/wp-json\/wp\/v2\/product_tag?post=683"}],"curies":[{"name":"wp","href":"https:\/\/api.w.org\/{rel}","templated":true}]}}