{"id":685,"date":"2020-11-24T13:28:13","date_gmt":"2020-11-24T12:28:13","guid":{"rendered":"https:\/\/desdo.factor360.es\/?post_type=product&#038;p=685"},"modified":"2023-10-12T11:12:56","modified_gmt":"2023-10-12T10:12:56","slug":"il-doppio-come-funziona","status":"publish","type":"product","link":"https:\/\/desdoblamiento.es\/de\/produkt\/il-doppio-come-funziona","title":{"rendered":"Il Doppio: Come funziona?"},"content":{"rendered":"<p>Scoperta nel 1988, la teoria scientifica di Jean-Pierre Garnier Malet riguardante lo sdoppiamento dello spazio e del tempo permette di affermare che noi abbiamo tutti un doppio. Impercettibile ma tuttavia ben reale, quest\u2019altro noi stesso pu\u00f2 guidarci ad ogni istante, purch\u00e9 si sappia stabilire con lui una relazione costruttiva.<\/p>\n<p>Conoscendo qualche principio elementare del funzionamento della legge dello sdoppiamento, \u00e8 infatti possibile entrare in contatto con lui per ottenere benefici dei suoi consigli. Questo si fa per mezzo del sonno, delle intuizioni, delle premonizioni e dei diversi segnali che sono scambi di informazione tra lui, il nostro futuro e noi stessi..<\/p>\n<p>\u00c8 grazie al nostro doppio che possiamo diventare chiaroveggenti e \u201ccambiare il nostro futuro\u201d attraverso impercettibili \u201caperture temporali\u201d..<\/p>\n<p>\u00c8 questa legge e la sua applicazione che ha scoperto Aureliano, un bambino di dieci anni. Di fronte ad un grosso problema e stupito dalla mancanza di comprensione dei suoi genitori, non ha messo in dubbio l\u2019esistenza di questo doppio e ci ha posto la domanda cruciale: \u201c Il mio doppio\u2026 come funziona?\u201d<\/p>\n<p>Questa e la risposta che abbiamo dato ad Aureliano \u00e9 che \u00e9 oggetto di questo libro. Leggendolo scoprirete, come lui, la facilit\u00e0 con la quale \u00e8 possibile trovare un equilibrio quotidiano e, soprattutto, l\u00b4obbiettivo della nostra vita.<\/p>","protected":false},"excerpt":{"rendered":"<p>Scoperta nel 1988, la teoria scientifica di Jean-Pierre Garnier Malet riguardante lo sdoppiamento dello spazio e del tempo permette di affermare che noi abbiamo tutti un doppio. Impercettibile ma tuttavia ben reale, quest\u2019altro noi stesso pu\u00f2 guidarci ad ogni istante, purch\u00e9 si sappia stabilire con lui una relazione costruttiva. Conoscendo qualche principio elementare del funzionamento [&hellip;]<\/p>\n","protected":false},"featured_media":493,"comment_status":"open","ping_status":"closed","template":"","meta":{"_acf_changed":false,"site-sidebar-layout":"default","site-content-layout":"default","ast-site-content-layout":"default","site-content-style":"default","site-sidebar-style":"default","ast-global-header-display":"","ast-banner-title-visibility":"","ast-main-header-display":"","ast-hfb-above-header-display":"","ast-hfb-below-header-display":"","ast-hfb-mobile-header-display":"","site-post-title":"","ast-breadcrumbs-content":"","ast-featured-img":"","footer-sml-layout":"","ast-disable-related-posts":"","theme-transparent-header-meta":"default","adv-header-id-meta":"","stick-header-meta":"","header-above-stick-meta":"","header-main-stick-meta":"","header-below-stick-meta":"","astra-migrate-meta-layouts":"default","ast-page-background-enabled":"default","ast-page-background-meta":{"desktop":{"background-color":"","background-image":"","background-repeat":"repeat","background-position":"center center","background-size":"auto","background-attachment":"scroll","background-type":"","background-media":"","overlay-type":"","overlay-color":"","overlay-opacity":"","overlay-gradient":""},"tablet":{"background-color":"","background-image":"","background-repeat":"repeat","background-position":"center center","background-size":"auto","background-attachment":"scroll","background-type":"","background-media":"","overlay-type":"","overlay-color":"","overlay-opacity":"","overlay-gradient":""},"mobile":{"background-color":"","background-image":"","background-repeat":"repeat","background-position":"center center","background-size":"auto","background-attachment":"scroll","background-type":"","background-media":"","overlay-type":"","overlay-color":"","overlay-opacity":"","overlay-gradient":""}},"ast-content-background-meta":{"desktop":{"background-color":"var(--ast-global-color-5)","background-image":"","background-repeat":"repeat","background-position":"center center","background-size":"auto","background-attachment":"scroll","background-type":"","background-media":"","overlay-type":"","overlay-color":"","overlay-opacity":"","overlay-gradient":""},"tablet":{"background-color":"var(--ast-global-color-5)","background-image":"","background-repeat":"repeat","background-position":"center center","background-size":"auto","background-attachment":"scroll","background-type":"","background-media":"","overlay-type":"","overlay-color":"","overlay-opacity":"","overlay-gradient":""},"mobile":{"background-color":"var(--ast-global-color-5)","background-image":"","background-repeat":"repeat","background-position":"center center","background-size":"auto","background-attachment":"scroll","background-type":"","background-media":"","overlay-type":"","overlay-color":"","overlay-opacity":"","overlay-gradient":""}}},"product_brand":[],"product_cat":[41,23],"product_tag":[],"class_list":{"0":"post-685","1":"product","2":"type-product","3":"status-publish","4":"has-post-thumbnail","6":"product_cat-libros","7":"product_cat-libros-it","8":"desktop-align-left","9":"tablet-align-left","10":"mobile-align-left","12":"first","13":"instock","14":"shipping-taxable","15":"purchasable","16":"product-type-simple"},"acf":[],"_links":{"self":[{"href":"https:\/\/desdoblamiento.es\/de\/wp-json\/wp\/v2\/product\/685","targetHints":{"allow":["GET"]}}],"collection":[{"href":"https:\/\/desdoblamiento.es\/de\/wp-json\/wp\/v2\/product"}],"about":[{"href":"https:\/\/desdoblamiento.es\/de\/wp-json\/wp\/v2\/types\/product"}],"replies":[{"embeddable":true,"href":"https:\/\/desdoblamiento.es\/de\/wp-json\/wp\/v2\/comments?post=685"}],"version-history":[{"count":1,"href":"https:\/\/desdoblamiento.es\/de\/wp-json\/wp\/v2\/product\/685\/revisions"}],"predecessor-version":[{"id":2511,"href":"https:\/\/desdoblamiento.es\/de\/wp-json\/wp\/v2\/product\/685\/revisions\/2511"}],"wp:featuredmedia":[{"embeddable":true,"href":"https:\/\/desdoblamiento.es\/de\/wp-json\/wp\/v2\/media\/493"}],"wp:attachment":[{"href":"https:\/\/desdoblamiento.es\/de\/wp-json\/wp\/v2\/media?parent=685"}],"wp:term":[{"taxonomy":"product_brand","embeddable":true,"href":"https:\/\/desdoblamiento.es\/de\/wp-json\/wp\/v2\/product_brand?post=685"},{"taxonomy":"product_cat","embeddable":true,"href":"https:\/\/desdoblamiento.es\/de\/wp-json\/wp\/v2\/product_cat?post=685"},{"taxonomy":"product_tag","embeddable":true,"href":"https:\/\/desdoblamiento.es\/de\/wp-json\/wp\/v2\/product_tag?post=685"}],"curies":[{"name":"wp","href":"https:\/\/api.w.org\/{rel}","templated":true}]}}