{"id":682,"date":"2020-11-24T13:26:14","date_gmt":"2020-11-24T12:26:14","guid":{"rendered":"https:\/\/desdo.factor360.es\/?post_type=product&#038;p=682"},"modified":"2024-06-29T13:44:59","modified_gmt":"2024-06-29T12:44:59","slug":"das-doppel-wie-funktioniert-das","status":"publish","type":"product","link":"https:\/\/desdoblamiento.es\/de\/produkt\/das-doppel-wie-funktioniert-das","title":{"rendered":"Das Doppel: \u00bfWie funktioniert das?"},"content":{"rendered":"<p>In der 1988 entdeckten wissenschaftlichen Theorie von Jean-Pierre Garnier Malet geht um die Verdopplung von Zeit und Raum, was die Behauptung m\u00f6glich macht, dass wir alle ein Doppel haben. Dieses andere Wir-Selbst ist nicht wahrnehmbar, aber doch ganz reell und kann uns in jedem Augenblick helfen und leiten, wenn wir nur wissen, wie wir mit ihm eine konstruktive Verbindung eingehen k\u00f6nnen.<\/p>\n<p>Wenn man einige grundlegende Prinzipien der Verdopplungstheorie kennt und wei\u00df, wie sie funktioniert, ist es in der Tat m\u00f6glich, mit unserem Doppel Kontakt aufzunehmen, um seine Ratschl\u00e4ge bekommen. Das geschieht im Schlaf, durch Intuitionen, Vorahnungen und verschiedene Zeichen, die M\u00f6glichkeiten eines Informationsaustausches zwischen ihm, unserer Zukunft und uns selbst sind.<\/p>\n<p>Dank unseres Doppels k\u00f6nnen wir hellseherische F\u00e4higkeiten entwickeln und durch unwahrnehmbare \u201eZeit\u00f6ffnungen\u201c auch \u201eunsere Zukunft ver\u00e4ndern\u201c.<\/p>\n<p>Dieses Gesetz und seine Anwendung hat Anton, ein zehnj\u00e4hriger Junge, gerade entdeckt. Er schleppt seit einiger Zeit ein gro\u00dfes Problem mit sich herum und leidet unter dem mangelnden Verst\u00e4ndnis seiner Eltern. Keinen Moment zweifelt er an der Existenz dieses Doppels und stellt uns die wesentliche Frage:<\/p>\n<p>\u201e<em>Mein Doppel\u2026Wie funktioniert das?\u201c <\/em><\/p>\n<p>Die Antwort auf diese Frage, die wir Anton gegeben haben, ist der Inhalt dieses Buches. Beim Lesen werden Sie genau wie Anton entdecken, wie leicht es ist, ein t\u00e4gliches Gleichgewicht und vor allem das Ziel unseres Lebens zu finden.<\/p>","protected":false},"excerpt":{"rendered":"<p>In der 1988 entdeckten wissenschaftlichen Theorie von Jean-Pierre Garnier Malet geht um die Verdopplung von Zeit und Raum, was die Behauptung m\u00f6glich macht, dass wir alle ein Doppel haben. Dieses andere Wir-Selbst ist nicht wahrnehmbar, aber doch ganz reell und kann uns in jedem Augenblick helfen und leiten, wenn wir nur wissen, wie wir mit [&hellip;]<\/p>\n","protected":false},"featured_media":491,"comment_status":"open","ping_status":"closed","template":"","meta":{"_acf_changed":false,"site-sidebar-layout":"default","site-content-layout":"default","ast-site-content-layout":"default","site-content-style":"default","site-sidebar-style":"default","ast-global-header-display":"","ast-banner-title-visibility":"","ast-main-header-display":"","ast-hfb-above-header-display":"","ast-hfb-below-header-display":"","ast-hfb-mobile-header-display":"","site-post-title":"","ast-breadcrumbs-content":"","ast-featured-img":"","footer-sml-layout":"","ast-disable-related-posts":"","theme-transparent-header-meta":"default","adv-header-id-meta":"","stick-header-meta":"","header-above-stick-meta":"","header-main-stick-meta":"","header-below-stick-meta":"","astra-migrate-meta-layouts":"default","ast-page-background-enabled":"default","ast-page-background-meta":{"desktop":{"background-color":"","background-image":"","background-repeat":"repeat","background-position":"center center","background-size":"auto","background-attachment":"scroll","background-type":"","background-media":"","overlay-type":"","overlay-color":"","overlay-opacity":"","overlay-gradient":""},"tablet":{"background-color":"","background-image":"","background-repeat":"repeat","background-position":"center center","background-size":"auto","background-attachment":"scroll","background-type":"","background-media":"","overlay-type":"","overlay-color":"","overlay-opacity":"","overlay-gradient":""},"mobile":{"background-color":"","background-image":"","background-repeat":"repeat","background-position":"center center","background-size":"auto","background-attachment":"scroll","background-type":"","background-media":"","overlay-type":"","overlay-color":"","overlay-opacity":"","overlay-gradient":""}},"ast-content-background-meta":{"desktop":{"background-color":"var(--ast-global-color-5)","background-image":"","background-repeat":"repeat","background-position":"center center","background-size":"auto","background-attachment":"scroll","background-type":"","background-media":"","overlay-type":"","overlay-color":"","overlay-opacity":"","overlay-gradient":""},"tablet":{"background-color":"var(--ast-global-color-5)","background-image":"","background-repeat":"repeat","background-position":"center center","background-size":"auto","background-attachment":"scroll","background-type":"","background-media":"","overlay-type":"","overlay-color":"","overlay-opacity":"","overlay-gradient":""},"mobile":{"background-color":"var(--ast-global-color-5)","background-image":"","background-repeat":"repeat","background-position":"center center","background-size":"auto","background-attachment":"scroll","background-type":"","background-media":"","overlay-type":"","overlay-color":"","overlay-opacity":"","overlay-gradient":""}}},"product_brand":[],"product_cat":[41,25],"product_tag":[],"class_list":{"0":"post-682","1":"product","2":"type-product","3":"status-publish","4":"has-post-thumbnail","6":"product_cat-libros","7":"product_cat-libros-de","8":"desktop-align-left","9":"tablet-align-left","10":"mobile-align-left","12":"first","13":"instock","14":"shipping-taxable","15":"purchasable","16":"product-type-simple"},"acf":[],"_links":{"self":[{"href":"https:\/\/desdoblamiento.es\/de\/wp-json\/wp\/v2\/product\/682","targetHints":{"allow":["GET"]}}],"collection":[{"href":"https:\/\/desdoblamiento.es\/de\/wp-json\/wp\/v2\/product"}],"about":[{"href":"https:\/\/desdoblamiento.es\/de\/wp-json\/wp\/v2\/types\/product"}],"replies":[{"embeddable":true,"href":"https:\/\/desdoblamiento.es\/de\/wp-json\/wp\/v2\/comments?post=682"}],"version-history":[{"count":0,"href":"https:\/\/desdoblamiento.es\/de\/wp-json\/wp\/v2\/product\/682\/revisions"}],"wp:featuredmedia":[{"embeddable":true,"href":"https:\/\/desdoblamiento.es\/de\/wp-json\/wp\/v2\/media\/491"}],"wp:attachment":[{"href":"https:\/\/desdoblamiento.es\/de\/wp-json\/wp\/v2\/media?parent=682"}],"wp:term":[{"taxonomy":"product_brand","embeddable":true,"href":"https:\/\/desdoblamiento.es\/de\/wp-json\/wp\/v2\/product_brand?post=682"},{"taxonomy":"product_cat","embeddable":true,"href":"https:\/\/desdoblamiento.es\/de\/wp-json\/wp\/v2\/product_cat?post=682"},{"taxonomy":"product_tag","embeddable":true,"href":"https:\/\/desdoblamiento.es\/de\/wp-json\/wp\/v2\/product_tag?post=682"}],"curies":[{"name":"wp","href":"https:\/\/api.w.org\/{rel}","templated":true}]}}