{"id":51,"date":"2020-11-10T14:00:44","date_gmt":"2020-11-10T13:00:44","guid":{"rendered":"https:\/\/desdo.factor360.es\/?page_id=51"},"modified":"2025-10-23T11:43:07","modified_gmt":"2025-10-23T10:43:07","slug":"formacion","status":"publish","type":"page","link":"https:\/\/desdoblamiento.es\/de\/formacion","title":{"rendered":"Formaci\u00f3n"},"content":{"rendered":"<div data-elementor-type=\"wp-page\" data-elementor-id=\"51\" class=\"elementor elementor-51\" data-elementor-post-type=\"page\">\n\t\t\t\t\t\t<section class=\"elementor-section elementor-top-section elementor-element elementor-element-3b4b11b elementor-section-boxed elementor-section-height-default elementor-section-height-default\" data-id=\"3b4b11b\" data-element_type=\"section\" data-e-type=\"section\">\n\t\t\t\t\t\t<div class=\"elementor-container elementor-column-gap-default\">\n\t\t\t\t\t<div class=\"elementor-column elementor-col-100 elementor-top-column elementor-element elementor-element-689b82e\" data-id=\"689b82e\" data-element_type=\"column\" data-e-type=\"column\">\n\t\t\t<div class=\"elementor-widget-wrap elementor-element-populated\">\n\t\t\t\t\t\t<div class=\"elementor-element elementor-element-d252478 elementor-widget-divider--view-line_text elementor-widget-divider--element-align-center elementor-widget elementor-widget-divider\" data-id=\"d252478\" data-element_type=\"widget\" data-e-type=\"widget\" data-widget_type=\"divider.default\">\n\t\t\t\t<div class=\"elementor-widget-container\">\n\t\t\t\t\t\t\t<div class=\"elementor-divider\">\n\t\t\t<span class=\"elementor-divider-separator\">\n\t\t\t\t\t\t\t<span class=\"elementor-divider__text elementor-divider__element\">\n\t\t\t\tPr\u00f3ximas Formaciones\t\t\t\t<\/span>\n\t\t\t\t\t\t<\/span>\n\t\t<\/div>\n\t\t\t\t\t\t<\/div>\n\t\t\t\t<\/div>\n\t\t\t\t<div class=\"elementor-element elementor-element-e58d44b elementor-widget elementor-widget-heading\" data-id=\"e58d44b\" data-element_type=\"widget\" data-e-type=\"widget\" data-widget_type=\"heading.default\">\n\t\t\t\t<div class=\"elementor-widget-container\">\n\t\t\t\t\t<span class=\"elementor-heading-title elementor-size-default\">Ver distintas fechas y plazas<\/span>\t\t\t\t<\/div>\n\t\t\t\t<\/div>\n\t\t\t\t<div class=\"elementor-element elementor-element-a4f5bd2 elementor-grid-eael-col-3 elementor-grid-tablet-eael-col-2 elementor-grid-mobile-eael-col-1 elementor-widget elementor-widget-global elementor-global-392 elementor-widget-eael-post-grid\" data-id=\"a4f5bd2\" data-element_type=\"widget\" data-e-type=\"widget\" data-settings=\"{&quot;eael_post_grid_columns&quot;:&quot;eael-col-3&quot;,&quot;eael_post_grid_columns_tablet&quot;:&quot;eael-col-2&quot;,&quot;eael_post_grid_columns_mobile&quot;:&quot;eael-col-1&quot;}\" data-widget_type=\"eael-post-grid.default\">\n\t\t\t\t<div class=\"elementor-widget-container\">\n\t\t\t\t\t<div id=\"eael-post-grid-a4f5bd2\" class=\"eael-post-grid-container\">\n            <div class=\"eael-post-grid eael-post-appender eael-post-appender-a4f5bd2 eael-post-grid-style-one\" data-layout-mode=\"grid\"><article class=\"eael-grid-post  eael-post-grid-column eael-pg-post-4977 category-formacion-inicial\" data-id=\"4977\">\n        <div class=\"eael-grid-post-holder\">\n            <div class=\"eael-grid-post-holder-inner\"><div class=\"eael-entry-media\"><div class=\"eael-entry-overlay fade-in\"><i class=\"fas fa-long-arrow-alt-right\" aria-hidden=\"true\"><\/i><a href=\"https:\/\/desdoblamiento.es\/de\/formacion-inicial-paris\"><\/a><\/div><div class=\"eael-entry-thumbnail\">\n                <img fetchpriority=\"high\" decoding=\"async\" width=\"275\" height=\"183\" src=\"https:\/\/cdn.desdoblamiento.es\/wp-content\/uploads\/2025\/07\/Paris.jpeg\" class=\"attachment-full size-full wp-image-4978\" alt=\"\" srcset=\"https:\/\/cdn.desdoblamiento.es\/wp-content\/uploads\/2025\/07\/Paris.jpeg 275w, https:\/\/cdn.desdoblamiento.es\/wp-content\/uploads\/2025\/07\/Paris-18x12.jpeg 18w\" sizes=\"(max-width: 275px) 100vw, 275px\" \/>\n            <\/div>\n        <\/div><div class=\"eael-entry-wrapper\"><header class=\"eael-entry-header\"><h2 class=\"eael-entry-title\"><a class=\"eael-grid-post-link\" href=\"https:\/\/desdoblamiento.es\/de\/formacion-inicial-paris\" title=\"Formaci\u00f3n Inicial PARIS\"><br>Formaci\u00f3n Inicial <br>PARIS<\/a><\/h2><\/header><div class=\"eael-entry-content\">\n                        <div class=\"eael-grid-post-excerpt\"><p>18 et 19 Avril<\/p><a href=\"https:\/\/desdoblamiento.es\/de\/formacion-inicial-paris\" class=\"eael-post-elements-readmore-btn\">Ampliar informaci\u00f3n<\/a><\/div>\n                    <\/div><\/div><\/div>\n        <\/div>\n    <\/article><article class=\"eael-grid-post  eael-post-grid-column eael-pg-post-4124 category-formacion-inicial\" data-id=\"4124\">\n        <div class=\"eael-grid-post-holder\">\n            <div class=\"eael-grid-post-holder-inner\"><div class=\"eael-entry-media\"><div class=\"eael-entry-overlay fade-in\"><i class=\"fas fa-long-arrow-alt-right\" aria-hidden=\"true\"><\/i><a href=\"https:\/\/desdoblamiento.es\/de\/formacion-inicial-madrid\"><\/a><\/div><div class=\"eael-entry-thumbnail\">\n                <img decoding=\"async\" width=\"489\" height=\"267\" src=\"https:\/\/cdn.desdoblamiento.es\/wp-content\/uploads\/2021\/11\/490x_puerta-sol-madrid.jpg\" class=\"attachment-full size-full wp-image-2022\" alt=\"\" srcset=\"https:\/\/cdn.desdoblamiento.es\/wp-content\/uploads\/2021\/11\/490x_puerta-sol-madrid.jpg 489w, https:\/\/cdn.desdoblamiento.es\/wp-content\/uploads\/2021\/11\/490x_puerta-sol-madrid-300x164.jpg 300w, https:\/\/cdn.desdoblamiento.es\/wp-content\/uploads\/2021\/11\/490x_puerta-sol-madrid-18x10.jpg 18w\" sizes=\"(max-width: 489px) 100vw, 489px\" \/>\n            <\/div>\n        <\/div><div class=\"eael-entry-wrapper\"><header class=\"eael-entry-header\"><h2 class=\"eael-entry-title\"><a class=\"eael-grid-post-link\" href=\"https:\/\/desdoblamiento.es\/de\/formacion-inicial-madrid\" title=\"Formaci\u00f3n Inicial Madrid\">Formaci\u00f3n Inicial Madrid<\/a><\/h2><\/header><div class=\"eael-entry-content\">\n                        <div class=\"eael-grid-post-excerpt\"><p>9 y 10 de Mayo<\/p><a href=\"https:\/\/desdoblamiento.es\/de\/formacion-inicial-madrid\" class=\"eael-post-elements-readmore-btn\">Ampliar informaci\u00f3n<\/a><\/div>\n                    <\/div><\/div><\/div>\n        <\/div>\n    <\/article><article class=\"eael-grid-post  eael-post-grid-column eael-pg-post-4897 category-formacion-inicial\" data-id=\"4897\">\n        <div class=\"eael-grid-post-holder\">\n            <div class=\"eael-grid-post-holder-inner\"><div class=\"eael-entry-media\"><div class=\"eael-entry-overlay fade-in\"><i class=\"fas fa-long-arrow-alt-right\" aria-hidden=\"true\"><\/i><a href=\"https:\/\/desdoblamiento.es\/de\/formacion-inicial-barcelona\"><\/a><\/div><div class=\"eael-entry-thumbnail\">\n                <img decoding=\"async\" width=\"514\" height=\"295\" src=\"https:\/\/cdn.desdoblamiento.es\/wp-content\/uploads\/2020\/12\/Barcelona-2.png\" class=\"attachment-full size-full wp-image-1070\" alt=\"\" srcset=\"https:\/\/cdn.desdoblamiento.es\/wp-content\/uploads\/2020\/12\/Barcelona-2.png 514w, https:\/\/cdn.desdoblamiento.es\/wp-content\/uploads\/2020\/12\/Barcelona-2-300x172.png 300w, https:\/\/cdn.desdoblamiento.es\/wp-content\/uploads\/2020\/12\/Barcelona-2-16x9.png 16w\" sizes=\"(max-width: 514px) 100vw, 514px\" \/>\n            <\/div>\n        <\/div><div class=\"eael-entry-wrapper\"><header class=\"eael-entry-header\"><h2 class=\"eael-entry-title\"><a class=\"eael-grid-post-link\" href=\"https:\/\/desdoblamiento.es\/de\/formacion-inicial-barcelona\" title=\"Formaci\u00f3n Inicial                                                                                        Barcelona\">Formaci\u00f3n Inicial                                                                                        Barcelona<\/a><\/h2><\/header><div class=\"eael-entry-content\">\n                        <div class=\"eael-grid-post-excerpt\"><p>20 y 21 de Junio<\/p><a href=\"https:\/\/desdoblamiento.es\/de\/formacion-inicial-barcelona\" class=\"eael-post-elements-readmore-btn\">Ampliar informaci\u00f3n<\/a><\/div>\n                    <\/div><\/div><\/div>\n        <\/div>\n    <\/article><\/div>\n            <div class=\"clearfix\"><\/div>\n        <\/div>\t\t\t\t<\/div>\n\t\t\t\t<\/div>\n\t\t\t\t<div class=\"elementor-element elementor-element-0702948 elementor-align-center elementor-widget elementor-widget-button\" data-id=\"0702948\" data-element_type=\"widget\" data-e-type=\"widget\" data-widget_type=\"button.default\">\n\t\t\t\t<div class=\"elementor-widget-container\">\n\t\t\t\t\t\t\t\t\t<div class=\"elementor-button-wrapper\">\n\t\t\t\t\t<a class=\"elementor-button elementor-button-link elementor-size-sm\" href=\"https:\/\/desdoblamiento.es\/de\/formacion\/\">\n\t\t\t\t\t\t<span class=\"elementor-button-content-wrapper\">\n\t\t\t\t\t\t\t\t\t<span class=\"elementor-button-text\">Ver todas<\/span>\n\t\t\t\t\t<\/span>\n\t\t\t\t\t<\/a>\n\t\t\t\t<\/div>\n\t\t\t\t\t\t\t\t<\/div>\n\t\t\t\t<\/div>\n\t\t\t\t\t<\/div>\n\t\t<\/div>\n\t\t\t\t\t<\/div>\n\t\t<\/section>\n\t\t\t\t<\/div>","protected":false},"excerpt":{"rendered":"<p>Pr\u00f3ximas Formaciones Ver distintas fechas y plazas Formaci\u00f3n Inicial Barcelona 15 y 16 de Noviembre Ampliar informaci\u00f3n Formaci\u00f3n Inicial PARIS 29 y 30 de Noviembree Ampliar informaci\u00f3n Ver todas<\/p>","protected":false},"author":1,"featured_media":0,"parent":0,"menu_order":0,"comment_status":"closed","ping_status":"closed","template":"","meta":{"_acf_changed":false,"site-sidebar-layout":"no-sidebar","site-content-layout":"page-builder","ast-site-content-layout":"full-width-container","site-content-style":"unboxed","site-sidebar-style":"unboxed","ast-global-header-display":"","ast-banner-title-visibility":"","ast-main-header-display":"","ast-hfb-above-header-display":"","ast-hfb-below-header-display":"","ast-hfb-mobile-header-display":"","site-post-title":"disabled","ast-breadcrumbs-content":"","ast-featured-img":"disabled","footer-sml-layout":"","ast-disable-related-posts":"","theme-transparent-header-meta":"default","adv-header-id-meta":"","stick-header-meta":"","header-above-stick-meta":"","header-main-stick-meta":"","header-below-stick-meta":"","astra-migrate-meta-layouts":"set","ast-page-background-enabled":"default","ast-page-background-meta":{"desktop":{"background-color":"","background-image":"","background-repeat":"repeat","background-position":"center center","background-size":"auto","background-attachment":"scroll","background-type":"","background-media":"","overlay-type":"","overlay-color":"","overlay-opacity":"","overlay-gradient":""},"tablet":{"background-color":"","background-image":"","background-repeat":"repeat","background-position":"center center","background-size":"auto","background-attachment":"scroll","background-type":"","background-media":"","overlay-type":"","overlay-color":"","overlay-opacity":"","overlay-gradient":""},"mobile":{"background-color":"","background-image":"","background-repeat":"repeat","background-position":"center center","background-size":"auto","background-attachment":"scroll","background-type":"","background-media":"","overlay-type":"","overlay-color":"","overlay-opacity":"","overlay-gradient":""}},"ast-content-background-meta":{"desktop":{"background-color":"var(--ast-global-color-5)","background-image":"","background-repeat":"repeat","background-position":"center center","background-size":"auto","background-attachment":"scroll","background-type":"","background-media":"","overlay-type":"","overlay-color":"","overlay-opacity":"","overlay-gradient":""},"tablet":{"background-color":"var(--ast-global-color-5)","background-image":"","background-repeat":"repeat","background-position":"center center","background-size":"auto","background-attachment":"scroll","background-type":"","background-media":"","overlay-type":"","overlay-color":"","overlay-opacity":"","overlay-gradient":""},"mobile":{"background-color":"var(--ast-global-color-5)","background-image":"","background-repeat":"repeat","background-position":"center center","background-size":"auto","background-attachment":"scroll","background-type":"","background-media":"","overlay-type":"","overlay-color":"","overlay-opacity":"","overlay-gradient":""}},"footnotes":""},"class_list":["post-51","page","type-page","status-publish","hentry"],"acf":[],"_links":{"self":[{"href":"https:\/\/desdoblamiento.es\/de\/wp-json\/wp\/v2\/pages\/51","targetHints":{"allow":["GET"]}}],"collection":[{"href":"https:\/\/desdoblamiento.es\/de\/wp-json\/wp\/v2\/pages"}],"about":[{"href":"https:\/\/desdoblamiento.es\/de\/wp-json\/wp\/v2\/types\/page"}],"author":[{"embeddable":true,"href":"https:\/\/desdoblamiento.es\/de\/wp-json\/wp\/v2\/users\/1"}],"replies":[{"embeddable":true,"href":"https:\/\/desdoblamiento.es\/de\/wp-json\/wp\/v2\/comments?post=51"}],"version-history":[{"count":3,"href":"https:\/\/desdoblamiento.es\/de\/wp-json\/wp\/v2\/pages\/51\/revisions"}],"predecessor-version":[{"id":5154,"href":"https:\/\/desdoblamiento.es\/de\/wp-json\/wp\/v2\/pages\/51\/revisions\/5154"}],"wp:attachment":[{"href":"https:\/\/desdoblamiento.es\/de\/wp-json\/wp\/v2\/media?parent=51"}],"curies":[{"name":"wp","href":"https:\/\/api.w.org\/{rel}","templated":true}]}}